{"id":1718,"date":"2019-09-19T06:49:55","date_gmt":"2019-09-19T06:49:55","guid":{"rendered":""},"modified":"2020-12-02T14:22:14","modified_gmt":"2020-12-02T12:22:14","slug":"about","status":"publish","type":"page","link":"https:\/\/deceramicastudio.com\/ro\/about\/","title":{"rendered":"despre"},"content":{"rendered":"<div\n\t\t\tclass=\"novablocks-u-valign-center novablocks-u-halign-center novablocks-media has-image-on-the-left alignfull\"\n\t\t\tstyle=\"--novablocks-block-top-spacing:1;--novablocks-block-bottom-spacing:0;--novablocks-emphasis-top-spacing:0;--novablocks-emphasis-bottom-spacing:0;--emphasis-area:100;--novablocks-media-content-width:40%;--novablocks-media-gutter:calc( 0 * var(--novablocks-media-spacing) * 5 \/ 100 );--card-content-padding: 100;\"\n\t\t\tdata-vertical-alignment='top' data-content-area-width='40' data-balance-emphasis='75' data-balance-focal-point='media' data-template-inserted='1' data-style-preset='just-my-style' data-elements-distance='0' data-container-height='20' data-object-position='60' data-defaults-generated='1' data-blob-mask-sides='8' data-blob-mask-smoothness='100' data-emphasis-by-space='0' data-enable-overlapping='1' data-layout-gutter='0' data-emphasis-top-spacing='0' data-emphasis-bottom-spacing='0' data-blobs-enable-mask='' data-blob-sides='3' data-blob-pattern-seed='3' data-blob-complexity='0' data-blob-smoothness='33' data-blob-rotation='0' data-blobs-enable-decoration='' data-blob-mask-pattern-seed='3' data-blob-mask-complexity='0' data-blob-mask-rotation='0' data-blobs-size-balance='50' data-blobs-horizontal-displacement='50' data-blobs-vertical-displacement='50' data-size-contrast='0' data-position-shift='0' data-placement-variation='25' data-image-rotation='0' data-image-resizing='cropped' data-level='2' data-card-title-level='3' data-collection-title-level='2' data-card-media-opacity='100' data-metadata-position='above-title' data-thumbnail-aspect-ratio-string='landscape' data-thumbnail-aspect-ratio='50' data-image-padding='0' data-content-padding='100' data-palette='1' data-palette-variation='1' data-use-source-color-as-reference='' data-color-signal='0' data-content-color-signal='0' data-content-position='center center' data-block-top-spacing='1' data-block-bottom-spacing='0' data-media-position='left' data-content-style='moderate' data-layout-preset='stable' data-upgraded-to-moderate='' data-emphasis-area='100'\t\t>\n            <div class=\"content-is-moderate novablocks-block sm-palette-1 sm-variation-1 sm-variation-1@below-tablet\">\n\t            <div class=\"wp-block-group__inner-container\">\n\t\t            <div class=\"wp-block alignwide\">\n\t\t                <div class=\"novablocks-media__layout\">\n\t\t\t\t\t\t\t\t\t\t\t\t\t\t\t<div class=\"novablocks-media__content\">\n\t\t\t\t\t\t\t\t\t<div class=\"novablocks-media__inner-container novablocks-block__content sm-palette-1 sm-variation-1\">\n\t\t\t\t\t\t\t\t\t\t\n\n<h4 class=\"has-text-align-left has-normal-font-size wp-block-heading\">Salut! Noi suntem M\u0103d\u0103lina \u0219i Crengu\u021ba, surorile Teler din spatele De Ceramic\u0103.<\/h4>\n\n\n\n<h4 class=\"has-text-align-left has-normal-font-size wp-block-heading\">Fiecare pies\u0103 pe care o vede\u021bi aici este lucrata manual cu grija de noi \u00een atelierul nostru de ceramic\u0103. <\/h4>\n\n\n\n<h4 class=\"has-text-align-left has-normal-font-size wp-block-heading\">Sper\u0103m c\u0103 va vor aduce bucurie \u00een fiecare zi \u0219i pentru totdeauna.<\/h4>\n\n\t\t\t\t\t\t\t\t\t<\/div>\n\t\t\t\t\t\t\t\t<\/div>\n\t\t\t\t\t\t\t\t\t                    <div class=\"novablocks-media__aside\">\n\t\t\t                    <div class=\"novablocks-advanced-gallery\" data-vertical-alignment='top' data-content-area-width='40' data-balance-emphasis='75' data-balance-focal-point='media' data-template-inserted='1' data-style-preset='just-my-style' data-elements-distance='0' data-container-height='20' data-object-position='60' data-defaults-generated='1' data-blob-mask-sides='8' data-blob-mask-smoothness='100' data-emphasis-by-space='0' data-enable-overlapping='1' data-layout-gutter='0' data-emphasis-top-spacing='0' data-emphasis-bottom-spacing='0' data-blobs-enable-mask='' data-blob-sides='3' data-blob-pattern-seed='3' data-blob-complexity='0' data-blob-smoothness='33' data-blob-rotation='0' data-blobs-enable-decoration='' data-blob-mask-pattern-seed='3' data-blob-mask-complexity='0' data-blob-mask-rotation='0' data-blobs-size-balance='50' data-blobs-horizontal-displacement='50' data-blobs-vertical-displacement='50' data-size-contrast='0' data-position-shift='0' data-placement-variation='25' data-image-rotation='0' data-image-resizing='cropped' data-level='2' data-card-title-level='3' data-collection-title-level='2' data-card-media-opacity='100' data-metadata-position='above-title' data-thumbnail-aspect-ratio-string='landscape' data-thumbnail-aspect-ratio='50' data-image-padding='0' data-content-padding='100' data-palette='1' data-palette-variation='1' data-use-source-color-as-reference='' data-color-signal='0' data-content-color-signal='0' data-content-position='center center' data-block-top-spacing='1' data-block-bottom-spacing='0' data-media-position='left' data-content-style='moderate' data-layout-preset='stable' data-upgraded-to-moderate='' data-emphasis-area='100' style=\"--novablocks-advanced-gallery-aspect-ratio: 35.714285714286%\"><div class=\"novablocks-advanced-gallery__grid\"><div class=\"novablocks-advanced-gallery__grid-item\"><div class=\"novablocks-advanced-gallery__grid-item-media\"><img decoding=\"async\" class=\"novablocks-advanced-gallery__image\" src=\"https:\/\/deceramicastudio.com\/wp-content\/uploads\/2020\/11\/the-teler-sisters-1366x913.jpg\" \/><\/div><\/div><\/div><\/div>\t\t                    <\/div>\n\t\t                <\/div>\n\t\t            <\/div>\n\t            <\/div>\n            <\/div>\n        <\/div>\n\n\t\t\n\n\n<div class=\"wp-block-columns alignwide are-vertically-aligned-top is-layout-flex wp-container-core-columns-is-layout-9d6595d7 wp-block-columns-is-layout-flex\">\n<div class=\"wp-block-column is-vertically-aligned-top is-layout-flow wp-block-column-is-layout-flow\">\n<p><strong>M\u0103d\u0103lina<\/strong> a absolvit Universitatea Na\u021bional\u0103 de Arte din Bucure\u0219ti cu specializare \u00een Ceramic\u0103. Dup\u0103 facultate, a urmat un Master \u00een Design Interior la aceea\u0219i universitate. <\/p>\n\n\n\n<p>Pentru M\u0103d\u0103lina, ceramica reprezint\u0103 o lume aparte, plin\u0103 de experimente \u0219i surprize. Ea a fondat studioul \u00een 2013 ca un mic brand unde a continuat s\u0103 exerseze \u0219i s\u0103-\u0219i exprime me\u0219te\u0219ugul \u0219i estetica. <\/p>\n<\/div>\n\n\n\n<div class=\"wp-block-column is-vertically-aligned-top is-layout-flow wp-block-column-is-layout-flow\" style=\"flex-basis:100%\">\n<p class=\"has-text-align-left\"><strong>Crengu\u021ba<\/strong> a studiat filosofia \u0219i teoria artei \u0219i a fost mai mult de partea contemplativ\u0103 a artei \u00een toate formele ei. <\/p>\n\n\n\n<p class=\"has-text-align-left\">Asta s-a schimbat treptat c\u00e2nd a \u00eenceput s\u0103 lucreze \u00een atelier. La \u00eenceput, a fost curiozitatea, \u0219i pl\u0103cerea de a crea ceva cu propriile m\u00e2ini, iar \u00eencet s-a implicat din ce \u00een ce mai mult \u00een \u00eentregul proces de realizare a ceramicii. <\/p>\n<\/div>\n<\/div>\n\n\n\n<h4 class=\"has-text-align-center has-normal-font-size wp-block-heading\">Proiectam \u0219i realizam obiecte ceramice func\u021bionale \u0219i decorative.<\/h4>\n\n\n\n<p>Folosim tehnica turn\u0103rii \u00een matri\u021be a unor serii mici de obiecte \u0219i construim manual piese unice, de la schi\u021b\u0103 p\u00e2n\u0103 la produsul final. Lucr\u0103m mai ales cu por\u021belan \u0219i gresie \u0219i folosim numai materiale sigure pentru alimente.<\/p>\n\n\n\n<p>Prototipurile \u0219i matri\u021bele de turnare sunt realizate \u00een atelier, precum \u0219i unele dintre materialele noastre. Toate piesele sunt dubl\u0103 arse la temperaturi ridicate, vitrificate \u0219i durabile. <\/p>\n\n\n\n<p>Mediul \u00eenconjur\u0103tor este una dintre preocup\u0103rile noastre majore. Suntem aten\u021bi \u0219i responsabili \u00een toate aspectele care implic\u0103 proiectarea, produc\u021bia \u0219i de\u0219eurile rezultate. <\/p>","protected":false},"excerpt":{"rendered":"<p>M\u0103d\u0103lina qualified from Bucharest National University of Arts with a major in Ceramics. After college, she followed a Master in Interior Design at the same [&hellip;]<\/p>\n","protected":false},"author":3,"featured_media":0,"parent":0,"menu_order":0,"comment_status":"closed","ping_status":"closed","template":"","meta":{"novablocks_hero_scroll_indicator":false,"novablocks_hero_position_indicators":false,"footnotes":""},"class_list":["post-1718","page","type-page","status-publish","hentry"],"yoast_head":"<!-- This site is optimized with the Yoast SEO plugin v27.3 - https:\/\/yoast.com\/product\/yoast-seo-wordpress\/ -->\n<title>ABOUT - DE CERAMIC\u0102<\/title>\n<meta name=\"robots\" content=\"index, follow, max-snippet:-1, max-image-preview:large, max-video-preview:-1\" \/>\n<link rel=\"canonical\" href=\"https:\/\/deceramicastudio.com\/ro\/about\/\" \/>\n<meta property=\"og:locale\" content=\"ro_RO\" \/>\n<meta property=\"og:type\" content=\"article\" \/>\n<meta property=\"og:title\" content=\"ABOUT - DE CERAMIC\u0102\" \/>\n<meta property=\"og:description\" content=\"M\u0103d\u0103lina qualified from Bucharest National University of Arts with a major in Ceramics. After college, she followed a Master in Interior Design at the same [&hellip;]\" \/>\n<meta property=\"og:url\" content=\"https:\/\/deceramicastudio.com\/ro\/about\/\" \/>\n<meta property=\"og:site_name\" content=\"DE CERAMIC\u0102\" \/>\n<meta property=\"article:publisher\" content=\"https:\/\/www.facebook.com\/DeCeramicaMadalinaTeler\" \/>\n<meta property=\"article:modified_time\" content=\"2020-12-02T12:22:14+00:00\" \/>\n<meta name=\"twitter:card\" content=\"summary_large_image\" \/>\n<meta name=\"twitter:label1\" content=\"Timp estimat pentru citire\" \/>\n\t<meta name=\"twitter:data1\" content=\"1 minut\" \/>\n<script type=\"application\/ld+json\" class=\"yoast-schema-graph\">{\"@context\":\"https:\\\/\\\/schema.org\",\"@graph\":[{\"@type\":\"WebPage\",\"@id\":\"https:\\\/\\\/deceramicastudio.com\\\/about\\\/\",\"url\":\"https:\\\/\\\/deceramicastudio.com\\\/about\\\/\",\"name\":\"ABOUT - DE CERAMIC\u0102\",\"isPartOf\":{\"@id\":\"https:\\\/\\\/deceramicastudio.com\\\/#website\"},\"datePublished\":\"2019-09-19T06:49:55+00:00\",\"dateModified\":\"2020-12-02T12:22:14+00:00\",\"breadcrumb\":{\"@id\":\"https:\\\/\\\/deceramicastudio.com\\\/about\\\/#breadcrumb\"},\"inLanguage\":\"ro-RO\",\"potentialAction\":[{\"@type\":\"ReadAction\",\"target\":[\"https:\\\/\\\/deceramicastudio.com\\\/about\\\/\"]}]},{\"@type\":\"BreadcrumbList\",\"@id\":\"https:\\\/\\\/deceramicastudio.com\\\/about\\\/#breadcrumb\",\"itemListElement\":[{\"@type\":\"ListItem\",\"position\":1,\"name\":\"Home\",\"item\":\"https:\\\/\\\/deceramicastudio.com\\\/\"},{\"@type\":\"ListItem\",\"position\":2,\"name\":\"ABOUT\"}]},{\"@type\":\"WebSite\",\"@id\":\"https:\\\/\\\/deceramicastudio.com\\\/#website\",\"url\":\"https:\\\/\\\/deceramicastudio.com\\\/\",\"name\":\"DE CERAMIC\u0102\",\"description\":\"handcrafted ceramics\",\"publisher\":{\"@id\":\"https:\\\/\\\/deceramicastudio.com\\\/#organization\"},\"potentialAction\":[{\"@type\":\"SearchAction\",\"target\":{\"@type\":\"EntryPoint\",\"urlTemplate\":\"https:\\\/\\\/deceramicastudio.com\\\/?s={search_term_string}\"},\"query-input\":{\"@type\":\"PropertyValueSpecification\",\"valueRequired\":true,\"valueName\":\"search_term_string\"}}],\"inLanguage\":\"ro-RO\"},{\"@type\":\"Organization\",\"@id\":\"https:\\\/\\\/deceramicastudio.com\\\/#organization\",\"name\":\"De Ceramic\u0103\",\"url\":\"https:\\\/\\\/deceramicastudio.com\\\/\",\"logo\":{\"@type\":\"ImageObject\",\"inLanguage\":\"ro-RO\",\"@id\":\"https:\\\/\\\/deceramicastudio.com\\\/#\\\/schema\\\/logo\\\/image\\\/\",\"url\":\"https:\\\/\\\/deceramicastudio.com\\\/wp-content\\\/uploads\\\/2020\\\/12\\\/Logo-gri-mic-DeCeramica.png\",\"contentUrl\":\"https:\\\/\\\/deceramicastudio.com\\\/wp-content\\\/uploads\\\/2020\\\/12\\\/Logo-gri-mic-DeCeramica.png\",\"width\":251,\"height\":49,\"caption\":\"De Ceramic\u0103\"},\"image\":{\"@id\":\"https:\\\/\\\/deceramicastudio.com\\\/#\\\/schema\\\/logo\\\/image\\\/\"},\"sameAs\":[\"https:\\\/\\\/www.facebook.com\\\/DeCeramicaMadalinaTeler\",\"https:\\\/\\\/www.instagram.com\\\/de.ceramica\\\/\"]}]}<\/script>\n<!-- \/ Yoast SEO plugin. -->","yoast_head_json":{"title":"ABOUT - DE CERAMIC\u0102","robots":{"index":"index","follow":"follow","max-snippet":"max-snippet:-1","max-image-preview":"max-image-preview:large","max-video-preview":"max-video-preview:-1"},"canonical":"https:\/\/deceramicastudio.com\/ro\/about\/","og_locale":"ro_RO","og_type":"article","og_title":"ABOUT - DE CERAMIC\u0102","og_description":"M\u0103d\u0103lina qualified from Bucharest National University of Arts with a major in Ceramics. After college, she followed a Master in Interior Design at the same [&hellip;]","og_url":"https:\/\/deceramicastudio.com\/ro\/about\/","og_site_name":"DE CERAMIC\u0102","article_publisher":"https:\/\/www.facebook.com\/DeCeramicaMadalinaTeler","article_modified_time":"2020-12-02T12:22:14+00:00","twitter_card":"summary_large_image","twitter_misc":{"Timp estimat pentru citire":"1 minut"},"schema":{"@context":"https:\/\/schema.org","@graph":[{"@type":"WebPage","@id":"https:\/\/deceramicastudio.com\/about\/","url":"https:\/\/deceramicastudio.com\/about\/","name":"ABOUT - DE CERAMIC\u0102","isPartOf":{"@id":"https:\/\/deceramicastudio.com\/#website"},"datePublished":"2019-09-19T06:49:55+00:00","dateModified":"2020-12-02T12:22:14+00:00","breadcrumb":{"@id":"https:\/\/deceramicastudio.com\/about\/#breadcrumb"},"inLanguage":"ro-RO","potentialAction":[{"@type":"ReadAction","target":["https:\/\/deceramicastudio.com\/about\/"]}]},{"@type":"BreadcrumbList","@id":"https:\/\/deceramicastudio.com\/about\/#breadcrumb","itemListElement":[{"@type":"ListItem","position":1,"name":"Home","item":"https:\/\/deceramicastudio.com\/"},{"@type":"ListItem","position":2,"name":"ABOUT"}]},{"@type":"WebSite","@id":"https:\/\/deceramicastudio.com\/#website","url":"https:\/\/deceramicastudio.com\/","name":"DE CERAMIC\u0102","description":"handcrafted ceramics","publisher":{"@id":"https:\/\/deceramicastudio.com\/#organization"},"potentialAction":[{"@type":"SearchAction","target":{"@type":"EntryPoint","urlTemplate":"https:\/\/deceramicastudio.com\/?s={search_term_string}"},"query-input":{"@type":"PropertyValueSpecification","valueRequired":true,"valueName":"search_term_string"}}],"inLanguage":"ro-RO"},{"@type":"Organization","@id":"https:\/\/deceramicastudio.com\/#organization","name":"De Ceramic\u0103","url":"https:\/\/deceramicastudio.com\/","logo":{"@type":"ImageObject","inLanguage":"ro-RO","@id":"https:\/\/deceramicastudio.com\/#\/schema\/logo\/image\/","url":"https:\/\/deceramicastudio.com\/wp-content\/uploads\/2020\/12\/Logo-gri-mic-DeCeramica.png","contentUrl":"https:\/\/deceramicastudio.com\/wp-content\/uploads\/2020\/12\/Logo-gri-mic-DeCeramica.png","width":251,"height":49,"caption":"De Ceramic\u0103"},"image":{"@id":"https:\/\/deceramicastudio.com\/#\/schema\/logo\/image\/"},"sameAs":["https:\/\/www.facebook.com\/DeCeramicaMadalinaTeler","https:\/\/www.instagram.com\/de.ceramica\/"]}]}},"jetpack_sharing_enabled":true,"_links":{"self":[{"href":"https:\/\/deceramicastudio.com\/ro\/wp-json\/wp\/v2\/pages\/1718","targetHints":{"allow":["GET"]}}],"collection":[{"href":"https:\/\/deceramicastudio.com\/ro\/wp-json\/wp\/v2\/pages"}],"about":[{"href":"https:\/\/deceramicastudio.com\/ro\/wp-json\/wp\/v2\/types\/page"}],"author":[{"embeddable":true,"href":"https:\/\/deceramicastudio.com\/ro\/wp-json\/wp\/v2\/users\/3"}],"replies":[{"embeddable":true,"href":"https:\/\/deceramicastudio.com\/ro\/wp-json\/wp\/v2\/comments?post=1718"}],"version-history":[{"count":10,"href":"https:\/\/deceramicastudio.com\/ro\/wp-json\/wp\/v2\/pages\/1718\/revisions"}],"predecessor-version":[{"id":6280,"href":"https:\/\/deceramicastudio.com\/ro\/wp-json\/wp\/v2\/pages\/1718\/revisions\/6280"}],"wp:attachment":[{"href":"https:\/\/deceramicastudio.com\/ro\/wp-json\/wp\/v2\/media?parent=1718"}],"curies":[{"name":"wp","href":"https:\/\/api.w.org\/{rel}","templated":true}]}}