{"id":2184,"date":"2020-07-27T21:20:36","date_gmt":"2020-07-27T21:20:36","guid":{"rendered":"https:\/\/deceramicastudio.com\/?page_id=2184"},"modified":"2021-06-09T16:13:31","modified_gmt":"2021-06-09T13:13:31","slug":"mundane-geometries","status":"publish","type":"page","link":"https:\/\/deceramicastudio.com\/ro\/collections\/mundane-geometries\/","title":{"rendered":"Mundane Geometries"},"content":{"rendered":"<div \t\t\tclass=\"novablocks-hero novablocks-doppler alignfull novablocks-u-valign-center novablocks-u-halign-center novablocks-u-spacing-small novablocks-u-content-width-full novablocks-u-background novablocks-u-background-light sm-palette-1 sm-variation-12 scrolling-effect-static\"\n\t\t\tstyle=\"--novablocks-block-top-spacing: 1; --novablocks-block-bottom-spacing: 0; --novablocks-emphasis-top-spacing: 0; --novablocks-emphasis-bottom-spacing: 0; --novablocks-hero-text-color: #FFF;min-height: calc(100* var(--novablocks-1vh, 1vh)); \"\n\t\t\tdata-defaults-generated='1' data-overlay-filter-style='light' data-overlay-filter-strength='0' data-content-padding='small' data-content-width='full' data-focal-point='{&quot;x&quot;:0.5,&quot;y&quot;:0.43}' data-final-focal-point='{&quot;x&quot;:0.5,&quot;y&quot;:0.5}' data-initial-background-scale='1.64' data-scrolling-effect='static' data-motion-preset='custom' data-block-index='0' data-min-height-fallback='100' data-scroll-indicator='' data-position-indicators='1' data-template-inserted='' data-display-inner-content='1' data-palette='1' data-palette-variation='12' data-use-source-color-as-reference='' data-color-signal='3' data-content-color-signal='0' data-content-position='center center' data-final-background-scale='1' data-scroll-indicator-block='' data-follow-through-start='1' data-follow-through-end='1' data-content-color='#FFF' data-emphasis-by-space='1' data-enable-overlapping='' data-block-top-spacing='1' data-block-bottom-spacing='0' data-emphasis-top-spacing='0' data-emphasis-bottom-spacing='0' data-anchor=''\t\t>\n\n\t\t\t\n\t\t\t<div class=\"novablocks-doppler__mask  novablocks-doppler__wrapper\">\n\t\t\t\t<img loading=\"lazy\" decoding=\"async\" width=\"2560\" height=\"2292\" src=\"https:\/\/deceramicastudio.com\/wp-content\/uploads\/2020\/10\/mundane-bowl-mercur-scaled.jpg\" class=\"novablocks-hero__media  novablocks-doppler__target\" alt=\"\" style=\"object-position: 50% 43%;opacity: 1; \" srcset=\"https:\/\/deceramicastudio.com\/wp-content\/uploads\/2020\/10\/mundane-bowl-mercur-scaled.jpg 2560w, https:\/\/deceramicastudio.com\/wp-content\/uploads\/2020\/10\/mundane-bowl-mercur-scaled-400x358.jpg 400w, https:\/\/deceramicastudio.com\/wp-content\/uploads\/2020\/10\/mundane-bowl-mercur-scaled-800x716.jpg 800w, https:\/\/deceramicastudio.com\/wp-content\/uploads\/2020\/10\/mundane-bowl-mercur-300x269.jpg 300w, https:\/\/deceramicastudio.com\/wp-content\/uploads\/2020\/10\/mundane-bowl-mercur-1024x917.jpg 1024w, https:\/\/deceramicastudio.com\/wp-content\/uploads\/2020\/10\/mundane-bowl-mercur-768x688.jpg 768w, https:\/\/deceramicastudio.com\/wp-content\/uploads\/2020\/10\/mundane-bowl-mercur-1536x1375.jpg 1536w, https:\/\/deceramicastudio.com\/wp-content\/uploads\/2020\/10\/mundane-bowl-mercur-2048x1834.jpg 2048w, https:\/\/deceramicastudio.com\/wp-content\/uploads\/2020\/10\/mundane-bowl-mercur-250x224.jpg 250w, https:\/\/deceramicastudio.com\/wp-content\/uploads\/2020\/10\/mundane-bowl-mercur-1366x1223.jpg 1366w, https:\/\/deceramicastudio.com\/wp-content\/uploads\/2020\/10\/mundane-bowl-mercur-480x430.jpg 480w\" sizes=\"auto, (max-width: 2560px) 100vw, 2560px\" \/>\n\t\t\t\t\t\t\t<\/div>\n            <div class=\"novablocks-hero__foreground novablocks-doppler__foreground novablocks-u-content-padding novablocks-u-content-align\" style=\"min-height: calc(100 * var(--novablocks-1vh, 1vh)); \">\n                <div class=\"novablocks-hero__inner-container wp-block-group__inner-container novablocks-u-content-width\" style=\"\">\n\t\t\t\t\t\n\n<h1 class=\"has-text-align-center has-normal-font-size wp-block-heading\">MUNDANE GEOMETIRES<\/h1>\n\n                <\/div>\n\t\t\t\t            <\/div>\n\n\t\t\t\n        <\/div>\n\n\t\t\n\n\n<div style=\"height:50px\" aria-hidden=\"true\" class=\"wp-block-spacer\"><\/div>\n\n\n\n<div class=\"wp-block-group has-text-color full\" style=\"color:#0a0a0a\"><div class=\"wp-block-group__inner-container is-layout-flow wp-block-group-is-layout-flow\">\n<p>Exist\u0103 ceva hipnotic \u0219i relaxant la o form\u0103 geometric\u0103 recurent\u0103. Modul \u00een care pare s\u0103 se multiplice la infinit \u00een perfec\u021biunea sa matematic\u0103.<\/p>\n\n\n\n<p>Aceast\u0103 colec\u021bie este inspirat\u0103 de o tr\u0103s\u0103tur\u0103 arhitectural\u0103 c\u0103reia cei mai mul\u021bi dintre noi nu \u00eei acord\u0103m prea mult\u0103 aten\u021bie, dar care are un scop foarte bine definitiv, stabile\u0219te limitele spa\u021biului nostru intim, familial. M\u0103 refer la gardul umil, dar puternic, tradi\u021bional sau modern, \u0219i la partea sa mai decorativa, grilajul ferestrei, cu diversele sale modele din fier forjat.<\/p>\n\n\n\n<p>Decorative \u0219i func\u021bionale \u00een acela\u0219i timp, aceste elemente de arhitectur\u0103 sunt un fel de trecere de la o realitate la alta, \u00eentre lumea exterioar\u0103 \u0219i interiorul caselor noastre.<\/p>\n\n\n\n<p>Folosesc aceste forme puternice \u0219i perfect echilibrate ca inspira\u021bie. Le reinterpretez \u0219i prin aceast\u0103 transformare \u00eemp\u0103rt\u0103\u0219esc cu voi frumuse\u021bea \u0219i arta unor lucruri at\u00e2t de modeste \u0219i (aparent) obi\u0219nuite precum poarta, gardul sau grilajul.<\/p>\n\n\n\n<p>Fiecare pies\u0103 din aceast\u0103 colec\u021bie este realizat\u0103 cu aten\u021bie \u0219i pictat\u0103 manual.<\/p>\n<\/div><\/div>\n\n\n\n<div style=\"height:50px\" aria-hidden=\"true\" class=\"wp-block-spacer\"><\/div>\n\n\n\n<p class=\"has-sm-dark-primary-color has-text-color\">*Pieces from this collection can be pre-order. You can ask for a specific color. Delivery can take between 2-4 weeks.<\/p>","protected":false},"excerpt":{"rendered":"<p>There is something hypnotic and relaxing about a recurrent geometrical shape. The way it seems to multiply to infinity in mathematical perfection. This collection is [&hellip;]<\/p>\n","protected":false},"author":3,"featured_media":0,"parent":1101,"menu_order":0,"comment_status":"closed","ping_status":"closed","template":"","meta":{"novablocks_hero_scroll_indicator":false,"novablocks_hero_position_indicators":false,"footnotes":""},"class_list":["post-2184","page","type-page","status-publish","hentry"],"yoast_head":"<!-- This site is optimized with the Yoast SEO plugin v27.3 - https:\/\/yoast.com\/product\/yoast-seo-wordpress\/ -->\n<title>Mundane Geometries - DE CERAMIC\u0102<\/title>\n<meta name=\"robots\" content=\"index, follow, max-snippet:-1, max-image-preview:large, max-video-preview:-1\" \/>\n<link rel=\"canonical\" href=\"https:\/\/deceramicastudio.com\/ro\/collections\/mundane-geometries\/\" \/>\n<meta property=\"og:locale\" content=\"ro_RO\" \/>\n<meta property=\"og:type\" content=\"article\" \/>\n<meta property=\"og:title\" content=\"Mundane Geometries - DE CERAMIC\u0102\" \/>\n<meta property=\"og:description\" content=\"There is something hypnotic and relaxing about a recurrent geometrical shape. The way it seems to multiply to infinity in mathematical perfection. This collection is [&hellip;]\" \/>\n<meta property=\"og:url\" content=\"https:\/\/deceramicastudio.com\/ro\/collections\/mundane-geometries\/\" \/>\n<meta property=\"og:site_name\" content=\"DE CERAMIC\u0102\" \/>\n<meta property=\"article:publisher\" content=\"https:\/\/www.facebook.com\/DeCeramicaMadalinaTeler\" \/>\n<meta property=\"article:modified_time\" content=\"2021-06-09T13:13:31+00:00\" \/>\n<meta name=\"twitter:card\" content=\"summary_large_image\" \/>\n<meta name=\"twitter:label1\" content=\"Timp estimat pentru citire\" \/>\n\t<meta name=\"twitter:data1\" content=\"1 minut\" \/>\n<script type=\"application\/ld+json\" class=\"yoast-schema-graph\">{\"@context\":\"https:\\\/\\\/schema.org\",\"@graph\":[{\"@type\":\"WebPage\",\"@id\":\"https:\\\/\\\/deceramicastudio.com\\\/collections\\\/mundane-geometries\\\/\",\"url\":\"https:\\\/\\\/deceramicastudio.com\\\/collections\\\/mundane-geometries\\\/\",\"name\":\"Mundane Geometries - DE CERAMIC\u0102\",\"isPartOf\":{\"@id\":\"https:\\\/\\\/deceramicastudio.com\\\/#website\"},\"datePublished\":\"2020-07-27T21:20:36+00:00\",\"dateModified\":\"2021-06-09T13:13:31+00:00\",\"breadcrumb\":{\"@id\":\"https:\\\/\\\/deceramicastudio.com\\\/collections\\\/mundane-geometries\\\/#breadcrumb\"},\"inLanguage\":\"ro-RO\",\"potentialAction\":[{\"@type\":\"ReadAction\",\"target\":[\"https:\\\/\\\/deceramicastudio.com\\\/collections\\\/mundane-geometries\\\/\"]}]},{\"@type\":\"BreadcrumbList\",\"@id\":\"https:\\\/\\\/deceramicastudio.com\\\/collections\\\/mundane-geometries\\\/#breadcrumb\",\"itemListElement\":[{\"@type\":\"ListItem\",\"position\":1,\"name\":\"Home\",\"item\":\"https:\\\/\\\/deceramicastudio.com\\\/\"},{\"@type\":\"ListItem\",\"position\":2,\"name\":\"COLLECTIONS\",\"item\":\"https:\\\/\\\/deceramicastudio.com\\\/collections\\\/\"},{\"@type\":\"ListItem\",\"position\":3,\"name\":\"Mundane Geometries\"}]},{\"@type\":\"WebSite\",\"@id\":\"https:\\\/\\\/deceramicastudio.com\\\/#website\",\"url\":\"https:\\\/\\\/deceramicastudio.com\\\/\",\"name\":\"DE CERAMIC\u0102\",\"description\":\"handcrafted ceramics\",\"publisher\":{\"@id\":\"https:\\\/\\\/deceramicastudio.com\\\/#organization\"},\"potentialAction\":[{\"@type\":\"SearchAction\",\"target\":{\"@type\":\"EntryPoint\",\"urlTemplate\":\"https:\\\/\\\/deceramicastudio.com\\\/?s={search_term_string}\"},\"query-input\":{\"@type\":\"PropertyValueSpecification\",\"valueRequired\":true,\"valueName\":\"search_term_string\"}}],\"inLanguage\":\"ro-RO\"},{\"@type\":\"Organization\",\"@id\":\"https:\\\/\\\/deceramicastudio.com\\\/#organization\",\"name\":\"De Ceramic\u0103\",\"url\":\"https:\\\/\\\/deceramicastudio.com\\\/\",\"logo\":{\"@type\":\"ImageObject\",\"inLanguage\":\"ro-RO\",\"@id\":\"https:\\\/\\\/deceramicastudio.com\\\/#\\\/schema\\\/logo\\\/image\\\/\",\"url\":\"https:\\\/\\\/deceramicastudio.com\\\/wp-content\\\/uploads\\\/2020\\\/12\\\/Logo-gri-mic-DeCeramica.png\",\"contentUrl\":\"https:\\\/\\\/deceramicastudio.com\\\/wp-content\\\/uploads\\\/2020\\\/12\\\/Logo-gri-mic-DeCeramica.png\",\"width\":251,\"height\":49,\"caption\":\"De Ceramic\u0103\"},\"image\":{\"@id\":\"https:\\\/\\\/deceramicastudio.com\\\/#\\\/schema\\\/logo\\\/image\\\/\"},\"sameAs\":[\"https:\\\/\\\/www.facebook.com\\\/DeCeramicaMadalinaTeler\",\"https:\\\/\\\/www.instagram.com\\\/de.ceramica\\\/\"]}]}<\/script>\n<!-- \/ Yoast SEO plugin. -->","yoast_head_json":{"title":"Mundane Geometries - DE CERAMIC\u0102","robots":{"index":"index","follow":"follow","max-snippet":"max-snippet:-1","max-image-preview":"max-image-preview:large","max-video-preview":"max-video-preview:-1"},"canonical":"https:\/\/deceramicastudio.com\/ro\/collections\/mundane-geometries\/","og_locale":"ro_RO","og_type":"article","og_title":"Mundane Geometries - DE CERAMIC\u0102","og_description":"There is something hypnotic and relaxing about a recurrent geometrical shape. The way it seems to multiply to infinity in mathematical perfection. This collection is [&hellip;]","og_url":"https:\/\/deceramicastudio.com\/ro\/collections\/mundane-geometries\/","og_site_name":"DE CERAMIC\u0102","article_publisher":"https:\/\/www.facebook.com\/DeCeramicaMadalinaTeler","article_modified_time":"2021-06-09T13:13:31+00:00","twitter_card":"summary_large_image","twitter_misc":{"Timp estimat pentru citire":"1 minut"},"schema":{"@context":"https:\/\/schema.org","@graph":[{"@type":"WebPage","@id":"https:\/\/deceramicastudio.com\/collections\/mundane-geometries\/","url":"https:\/\/deceramicastudio.com\/collections\/mundane-geometries\/","name":"Mundane Geometries - DE CERAMIC\u0102","isPartOf":{"@id":"https:\/\/deceramicastudio.com\/#website"},"datePublished":"2020-07-27T21:20:36+00:00","dateModified":"2021-06-09T13:13:31+00:00","breadcrumb":{"@id":"https:\/\/deceramicastudio.com\/collections\/mundane-geometries\/#breadcrumb"},"inLanguage":"ro-RO","potentialAction":[{"@type":"ReadAction","target":["https:\/\/deceramicastudio.com\/collections\/mundane-geometries\/"]}]},{"@type":"BreadcrumbList","@id":"https:\/\/deceramicastudio.com\/collections\/mundane-geometries\/#breadcrumb","itemListElement":[{"@type":"ListItem","position":1,"name":"Home","item":"https:\/\/deceramicastudio.com\/"},{"@type":"ListItem","position":2,"name":"COLLECTIONS","item":"https:\/\/deceramicastudio.com\/collections\/"},{"@type":"ListItem","position":3,"name":"Mundane Geometries"}]},{"@type":"WebSite","@id":"https:\/\/deceramicastudio.com\/#website","url":"https:\/\/deceramicastudio.com\/","name":"DE CERAMIC\u0102","description":"handcrafted ceramics","publisher":{"@id":"https:\/\/deceramicastudio.com\/#organization"},"potentialAction":[{"@type":"SearchAction","target":{"@type":"EntryPoint","urlTemplate":"https:\/\/deceramicastudio.com\/?s={search_term_string}"},"query-input":{"@type":"PropertyValueSpecification","valueRequired":true,"valueName":"search_term_string"}}],"inLanguage":"ro-RO"},{"@type":"Organization","@id":"https:\/\/deceramicastudio.com\/#organization","name":"De Ceramic\u0103","url":"https:\/\/deceramicastudio.com\/","logo":{"@type":"ImageObject","inLanguage":"ro-RO","@id":"https:\/\/deceramicastudio.com\/#\/schema\/logo\/image\/","url":"https:\/\/deceramicastudio.com\/wp-content\/uploads\/2020\/12\/Logo-gri-mic-DeCeramica.png","contentUrl":"https:\/\/deceramicastudio.com\/wp-content\/uploads\/2020\/12\/Logo-gri-mic-DeCeramica.png","width":251,"height":49,"caption":"De Ceramic\u0103"},"image":{"@id":"https:\/\/deceramicastudio.com\/#\/schema\/logo\/image\/"},"sameAs":["https:\/\/www.facebook.com\/DeCeramicaMadalinaTeler","https:\/\/www.instagram.com\/de.ceramica\/"]}]}},"jetpack_sharing_enabled":true,"_links":{"self":[{"href":"https:\/\/deceramicastudio.com\/ro\/wp-json\/wp\/v2\/pages\/2184","targetHints":{"allow":["GET"]}}],"collection":[{"href":"https:\/\/deceramicastudio.com\/ro\/wp-json\/wp\/v2\/pages"}],"about":[{"href":"https:\/\/deceramicastudio.com\/ro\/wp-json\/wp\/v2\/types\/page"}],"author":[{"embeddable":true,"href":"https:\/\/deceramicastudio.com\/ro\/wp-json\/wp\/v2\/users\/3"}],"replies":[{"embeddable":true,"href":"https:\/\/deceramicastudio.com\/ro\/wp-json\/wp\/v2\/comments?post=2184"}],"version-history":[{"count":10,"href":"https:\/\/deceramicastudio.com\/ro\/wp-json\/wp\/v2\/pages\/2184\/revisions"}],"predecessor-version":[{"id":5856,"href":"https:\/\/deceramicastudio.com\/ro\/wp-json\/wp\/v2\/pages\/2184\/revisions\/5856"}],"up":[{"embeddable":true,"href":"https:\/\/deceramicastudio.com\/ro\/wp-json\/wp\/v2\/pages\/1101"}],"wp:attachment":[{"href":"https:\/\/deceramicastudio.com\/ro\/wp-json\/wp\/v2\/media?parent=2184"}],"curies":[{"name":"wp","href":"https:\/\/api.w.org\/{rel}","templated":true}]}}