{"id":2195,"date":"2020-07-27T21:34:30","date_gmt":"2020-07-27T21:34:30","guid":{"rendered":"https:\/\/deceramicastudio.com\/?page_id=2195"},"modified":"2020-11-28T11:37:52","modified_gmt":"2020-11-28T09:37:52","slug":"little-by-little","status":"publish","type":"page","link":"https:\/\/deceramicastudio.com\/ro\/collections\/little-by-little\/","title":{"rendered":"Little by little"},"content":{"rendered":"<div \t\t\tclass=\"novablocks-hero novablocks-doppler alignfull novablocks-u-valign-center novablocks-u-halign-center novablocks-u-spacing-small novablocks-u-content-width-full novablocks-u-background novablocks-u-background-light sm-palette-1 sm-variation-12 scrolling-effect-parallax\"\n\t\t\tstyle=\"--novablocks-block-top-spacing: 1; --novablocks-block-bottom-spacing: 0; --novablocks-emphasis-top-spacing: 0; --novablocks-emphasis-bottom-spacing: 0; --novablocks-hero-text-color: #FFF;min-height: calc(75* var(--novablocks-1vh, 1vh)); \"\n\t\t\tdata-min-height-fallback='75' data-defaults-generated='1' data-template-inserted='1' data-overlay-filter-style='light' data-overlay-filter-strength='10' data-content-padding='small' data-content-width='full' data-focal-point='{&quot;x&quot;:0.23,&quot;y&quot;:0}' data-final-focal-point='{&quot;x&quot;:0.23,&quot;y&quot;:0.5}' data-motion-preset='custom' data-block-index='0' data-scroll-indicator='' data-position-indicators='1' data-display-inner-content='1' data-palette='1' data-palette-variation='12' data-use-source-color-as-reference='' data-color-signal='3' data-content-color-signal='0' data-content-position='center center' data-initial-background-scale='1' data-final-background-scale='1' data-scroll-indicator-block='' data-scrolling-effect='parallax' data-follow-through-start='1' data-follow-through-end='1' data-content-color='#FFF' data-emphasis-by-space='1' data-enable-overlapping='' data-block-top-spacing='1' data-block-bottom-spacing='0' data-emphasis-top-spacing='0' data-emphasis-bottom-spacing='0' data-anchor=''\t\t>\n\n\t\t\t\n\t\t\t<div class=\"novablocks-doppler__mask  novablocks-doppler__wrapper\">\n\t\t\t\t<img loading=\"lazy\" decoding=\"async\" width=\"3840\" height=\"2880\" src=\"https:\/\/deceramicastudio.com\/wp-content\/uploads\/2020\/07\/P1560651-3840x2880.jpg\" class=\"novablocks-hero__media  novablocks-doppler__target\" alt=\"\" style=\"object-position: 23% 0%;opacity: 0.9; \" srcset=\"https:\/\/deceramicastudio.com\/wp-content\/uploads\/2020\/07\/P1560651-3840x2880.jpg 3840w, https:\/\/deceramicastudio.com\/wp-content\/uploads\/2020\/07\/P1560651-scaled-400x300.jpg 400w, https:\/\/deceramicastudio.com\/wp-content\/uploads\/2020\/07\/P1560651-scaled-800x600.jpg 800w, https:\/\/deceramicastudio.com\/wp-content\/uploads\/2020\/07\/P1560651-300x225.jpg 300w, https:\/\/deceramicastudio.com\/wp-content\/uploads\/2020\/07\/P1560651-1024x768.jpg 1024w, https:\/\/deceramicastudio.com\/wp-content\/uploads\/2020\/07\/P1560651-768x576.jpg 768w, https:\/\/deceramicastudio.com\/wp-content\/uploads\/2020\/07\/P1560651-1536x1152.jpg 1536w, https:\/\/deceramicastudio.com\/wp-content\/uploads\/2020\/07\/P1560651-2048x1536.jpg 2048w, https:\/\/deceramicastudio.com\/wp-content\/uploads\/2020\/07\/P1560651-250x188.jpg 250w, https:\/\/deceramicastudio.com\/wp-content\/uploads\/2020\/07\/P1560651-1366x1025.jpg 1366w, https:\/\/deceramicastudio.com\/wp-content\/uploads\/2020\/07\/P1560651-480x360.jpg 480w\" sizes=\"auto, (max-width: 3840px) 100vw, 3840px\" \/>\n\t\t\t\t\t\t\t<\/div>\n            <div class=\"novablocks-hero__foreground novablocks-doppler__foreground novablocks-u-content-padding novablocks-u-content-align\" style=\"min-height: calc(75 * var(--novablocks-1vh, 1vh)); \">\n                <div class=\"novablocks-hero__inner-container wp-block-group__inner-container novablocks-u-content-width\" style=\"\">\n\t\t\t\t\t\n\n<h1 class=\"has-text-align-center has-normal-font-size wp-block-heading\">LITTLE by LITTLE<\/h1>\n\n                <\/div>\n\t\t\t\t            <\/div>\n\n\t\t\t\n        <\/div>\n\n\t\t\n\n\n<div style=\"height:50px\" aria-hidden=\"true\" class=\"wp-block-spacer\"><\/div>\n\n\n\n<p class=\"has-sm-dark-primary-color has-text-color\"><em>Little by Little&nbsp;<\/em>este despre timpul necesar pentru ca un obiect s\u0103 prind\u0103 via\u021b\u0103, de la schi\u021b\u0103 p\u00e2n\u0103 la forma sa final\u0103.<\/p>\n\n\n\n<p class=\"has-sm-dark-primary-color has-text-color\">Principalele caracteristici ale acestei colec\u021bii sunt liniile atent trasate \u00een culori vii \u0219i forma elegant\u0103 a canei cu un picior \u00een\u0103l\u021bat.<\/p>\n\n\n\n<p class=\"has-sm-dark-primary-color has-text-color\">Fiecare piesa este realizata folosind tehnica de turnare \u00een matri\u021ba \u0219i este acoperita cu glazura ceramica transparenta.<\/p>\n\n\n\n<div style=\"height:50px\" aria-hidden=\"true\" class=\"wp-block-spacer\"><\/div>\n\n\n\n<p class=\"has-sm-dark-primary-color has-text-color\">*Pieces from this collection can be pre-order. You can ask for a specific color. Delivery can take between 2-4 weeks.<\/p>\n\n\n\n\n\n<div class=\"wp-block-group alignwide is-layout-flow wp-block-group-is-layout-flow\"><div class=\"wp-block-group__inner-container\"><\/div><\/div>","protected":false},"excerpt":{"rendered":"<p>Little by Little&nbsp;it\u2019s about the time it takes for an object to come to life, from sketch to its final form. The main features of [&hellip;]<\/p>\n","protected":false},"author":3,"featured_media":0,"parent":1101,"menu_order":0,"comment_status":"closed","ping_status":"closed","template":"","meta":{"novablocks_hero_scroll_indicator":false,"novablocks_hero_position_indicators":false,"footnotes":""},"class_list":["post-2195","page","type-page","status-publish","hentry"],"yoast_head":"<!-- This site is optimized with the Yoast SEO plugin v27.4 - https:\/\/yoast.com\/product\/yoast-seo-wordpress\/ -->\n<title>Little by little - DE CERAMIC\u0102<\/title>\n<meta name=\"robots\" content=\"index, follow, max-snippet:-1, max-image-preview:large, max-video-preview:-1\" \/>\n<link rel=\"canonical\" href=\"https:\/\/deceramicastudio.com\/ro\/collections\/little-by-little\/\" \/>\n<meta property=\"og:locale\" content=\"ro_RO\" \/>\n<meta property=\"og:type\" content=\"article\" \/>\n<meta property=\"og:title\" content=\"Little by little - DE CERAMIC\u0102\" \/>\n<meta property=\"og:description\" content=\"Little by Little&nbsp;it\u2019s about the time it takes for an object to come to life, from sketch to its final form. The main features of [&hellip;]\" \/>\n<meta property=\"og:url\" content=\"https:\/\/deceramicastudio.com\/ro\/collections\/little-by-little\/\" \/>\n<meta property=\"og:site_name\" content=\"DE CERAMIC\u0102\" \/>\n<meta property=\"article:publisher\" content=\"https:\/\/www.facebook.com\/DeCeramicaMadalinaTeler\" \/>\n<meta property=\"article:modified_time\" content=\"2020-11-28T09:37:52+00:00\" \/>\n<meta name=\"twitter:card\" content=\"summary_large_image\" \/>\n<script type=\"application\/ld+json\" class=\"yoast-schema-graph\">{\"@context\":\"https:\\\/\\\/schema.org\",\"@graph\":[{\"@type\":\"WebPage\",\"@id\":\"https:\\\/\\\/deceramicastudio.com\\\/collections\\\/little-by-little\\\/\",\"url\":\"https:\\\/\\\/deceramicastudio.com\\\/collections\\\/little-by-little\\\/\",\"name\":\"Little by little - DE CERAMIC\u0102\",\"isPartOf\":{\"@id\":\"https:\\\/\\\/deceramicastudio.com\\\/#website\"},\"datePublished\":\"2020-07-27T21:34:30+00:00\",\"dateModified\":\"2020-11-28T09:37:52+00:00\",\"breadcrumb\":{\"@id\":\"https:\\\/\\\/deceramicastudio.com\\\/collections\\\/little-by-little\\\/#breadcrumb\"},\"inLanguage\":\"ro-RO\",\"potentialAction\":[{\"@type\":\"ReadAction\",\"target\":[\"https:\\\/\\\/deceramicastudio.com\\\/collections\\\/little-by-little\\\/\"]}]},{\"@type\":\"BreadcrumbList\",\"@id\":\"https:\\\/\\\/deceramicastudio.com\\\/collections\\\/little-by-little\\\/#breadcrumb\",\"itemListElement\":[{\"@type\":\"ListItem\",\"position\":1,\"name\":\"Home\",\"item\":\"https:\\\/\\\/deceramicastudio.com\\\/\"},{\"@type\":\"ListItem\",\"position\":2,\"name\":\"COLLECTIONS\",\"item\":\"https:\\\/\\\/deceramicastudio.com\\\/collections\\\/\"},{\"@type\":\"ListItem\",\"position\":3,\"name\":\"Little by little\"}]},{\"@type\":\"WebSite\",\"@id\":\"https:\\\/\\\/deceramicastudio.com\\\/#website\",\"url\":\"https:\\\/\\\/deceramicastudio.com\\\/\",\"name\":\"DE CERAMIC\u0102\",\"description\":\"handcrafted ceramics\",\"publisher\":{\"@id\":\"https:\\\/\\\/deceramicastudio.com\\\/#organization\"},\"potentialAction\":[{\"@type\":\"SearchAction\",\"target\":{\"@type\":\"EntryPoint\",\"urlTemplate\":\"https:\\\/\\\/deceramicastudio.com\\\/?s={search_term_string}\"},\"query-input\":{\"@type\":\"PropertyValueSpecification\",\"valueRequired\":true,\"valueName\":\"search_term_string\"}}],\"inLanguage\":\"ro-RO\"},{\"@type\":\"Organization\",\"@id\":\"https:\\\/\\\/deceramicastudio.com\\\/#organization\",\"name\":\"De Ceramic\u0103\",\"url\":\"https:\\\/\\\/deceramicastudio.com\\\/\",\"logo\":{\"@type\":\"ImageObject\",\"inLanguage\":\"ro-RO\",\"@id\":\"https:\\\/\\\/deceramicastudio.com\\\/#\\\/schema\\\/logo\\\/image\\\/\",\"url\":\"https:\\\/\\\/deceramicastudio.com\\\/wp-content\\\/uploads\\\/2020\\\/12\\\/Logo-gri-mic-DeCeramica.png\",\"contentUrl\":\"https:\\\/\\\/deceramicastudio.com\\\/wp-content\\\/uploads\\\/2020\\\/12\\\/Logo-gri-mic-DeCeramica.png\",\"width\":251,\"height\":49,\"caption\":\"De Ceramic\u0103\"},\"image\":{\"@id\":\"https:\\\/\\\/deceramicastudio.com\\\/#\\\/schema\\\/logo\\\/image\\\/\"},\"sameAs\":[\"https:\\\/\\\/www.facebook.com\\\/DeCeramicaMadalinaTeler\",\"https:\\\/\\\/www.instagram.com\\\/de.ceramica\\\/\"]}]}<\/script>\n<!-- \/ Yoast SEO plugin. -->","yoast_head_json":{"title":"Little by little - DE CERAMIC\u0102","robots":{"index":"index","follow":"follow","max-snippet":"max-snippet:-1","max-image-preview":"max-image-preview:large","max-video-preview":"max-video-preview:-1"},"canonical":"https:\/\/deceramicastudio.com\/ro\/collections\/little-by-little\/","og_locale":"ro_RO","og_type":"article","og_title":"Little by little - DE CERAMIC\u0102","og_description":"Little by Little&nbsp;it\u2019s about the time it takes for an object to come to life, from sketch to its final form. The main features of [&hellip;]","og_url":"https:\/\/deceramicastudio.com\/ro\/collections\/little-by-little\/","og_site_name":"DE CERAMIC\u0102","article_publisher":"https:\/\/www.facebook.com\/DeCeramicaMadalinaTeler","article_modified_time":"2020-11-28T09:37:52+00:00","twitter_card":"summary_large_image","schema":{"@context":"https:\/\/schema.org","@graph":[{"@type":"WebPage","@id":"https:\/\/deceramicastudio.com\/collections\/little-by-little\/","url":"https:\/\/deceramicastudio.com\/collections\/little-by-little\/","name":"Little by little - DE CERAMIC\u0102","isPartOf":{"@id":"https:\/\/deceramicastudio.com\/#website"},"datePublished":"2020-07-27T21:34:30+00:00","dateModified":"2020-11-28T09:37:52+00:00","breadcrumb":{"@id":"https:\/\/deceramicastudio.com\/collections\/little-by-little\/#breadcrumb"},"inLanguage":"ro-RO","potentialAction":[{"@type":"ReadAction","target":["https:\/\/deceramicastudio.com\/collections\/little-by-little\/"]}]},{"@type":"BreadcrumbList","@id":"https:\/\/deceramicastudio.com\/collections\/little-by-little\/#breadcrumb","itemListElement":[{"@type":"ListItem","position":1,"name":"Home","item":"https:\/\/deceramicastudio.com\/"},{"@type":"ListItem","position":2,"name":"COLLECTIONS","item":"https:\/\/deceramicastudio.com\/collections\/"},{"@type":"ListItem","position":3,"name":"Little by little"}]},{"@type":"WebSite","@id":"https:\/\/deceramicastudio.com\/#website","url":"https:\/\/deceramicastudio.com\/","name":"DE CERAMIC\u0102","description":"handcrafted ceramics","publisher":{"@id":"https:\/\/deceramicastudio.com\/#organization"},"potentialAction":[{"@type":"SearchAction","target":{"@type":"EntryPoint","urlTemplate":"https:\/\/deceramicastudio.com\/?s={search_term_string}"},"query-input":{"@type":"PropertyValueSpecification","valueRequired":true,"valueName":"search_term_string"}}],"inLanguage":"ro-RO"},{"@type":"Organization","@id":"https:\/\/deceramicastudio.com\/#organization","name":"De Ceramic\u0103","url":"https:\/\/deceramicastudio.com\/","logo":{"@type":"ImageObject","inLanguage":"ro-RO","@id":"https:\/\/deceramicastudio.com\/#\/schema\/logo\/image\/","url":"https:\/\/deceramicastudio.com\/wp-content\/uploads\/2020\/12\/Logo-gri-mic-DeCeramica.png","contentUrl":"https:\/\/deceramicastudio.com\/wp-content\/uploads\/2020\/12\/Logo-gri-mic-DeCeramica.png","width":251,"height":49,"caption":"De Ceramic\u0103"},"image":{"@id":"https:\/\/deceramicastudio.com\/#\/schema\/logo\/image\/"},"sameAs":["https:\/\/www.facebook.com\/DeCeramicaMadalinaTeler","https:\/\/www.instagram.com\/de.ceramica\/"]}]}},"jetpack_sharing_enabled":true,"_links":{"self":[{"href":"https:\/\/deceramicastudio.com\/ro\/wp-json\/wp\/v2\/pages\/2195","targetHints":{"allow":["GET"]}}],"collection":[{"href":"https:\/\/deceramicastudio.com\/ro\/wp-json\/wp\/v2\/pages"}],"about":[{"href":"https:\/\/deceramicastudio.com\/ro\/wp-json\/wp\/v2\/types\/page"}],"author":[{"embeddable":true,"href":"https:\/\/deceramicastudio.com\/ro\/wp-json\/wp\/v2\/users\/3"}],"replies":[{"embeddable":true,"href":"https:\/\/deceramicastudio.com\/ro\/wp-json\/wp\/v2\/comments?post=2195"}],"version-history":[{"count":11,"href":"https:\/\/deceramicastudio.com\/ro\/wp-json\/wp\/v2\/pages\/2195\/revisions"}],"predecessor-version":[{"id":3665,"href":"https:\/\/deceramicastudio.com\/ro\/wp-json\/wp\/v2\/pages\/2195\/revisions\/3665"}],"up":[{"embeddable":true,"href":"https:\/\/deceramicastudio.com\/ro\/wp-json\/wp\/v2\/pages\/1101"}],"wp:attachment":[{"href":"https:\/\/deceramicastudio.com\/ro\/wp-json\/wp\/v2\/media?parent=2195"}],"curies":[{"name":"wp","href":"https:\/\/api.w.org\/{rel}","templated":true}]}}