{"id":2241,"date":"2020-07-28T10:51:18","date_gmt":"2020-07-28T10:51:18","guid":{"rendered":"https:\/\/deceramicastudio.com\/?page_id=2241"},"modified":"2023-01-14T12:40:13","modified_gmt":"2023-01-14T10:40:13","slug":"ola","status":"publish","type":"page","link":"https:\/\/deceramicastudio.com\/ro\/collections\/ola\/","title":{"rendered":"Ola"},"content":{"rendered":"<div \t\t\tclass=\"novablocks-hero novablocks-doppler alignfull novablocks-u-valign-center novablocks-u-halign-center novablocks-u-background novablocks-u-background-light sm-palette-1 sm-variation-12 scrolling-effect-parallax\"\n\t\t\tstyle=\"--novablocks-block-top-spacing: 1; --novablocks-block-bottom-spacing: 0; --novablocks-emphasis-top-spacing: 0; --novablocks-emphasis-bottom-spacing: 0; --novablocks-hero-text-color: #FFF;min-height: calc(100* var(--novablocks-1vh, 1vh)); \"\n\t\t\tdata-defaults-generated='1' data-focal-point='{&quot;x&quot;:0.5,&quot;y&quot;:0.5}' data-final-focal-point='{&quot;x&quot;:0.5,&quot;y&quot;:0.5}' data-motion-preset='custom' data-block-index='0' data-overlay-filter-style='light' data-overlay-filter-strength='10' data-min-height-fallback='100' data-scroll-indicator='' data-position-indicators='1' data-template-inserted='' data-display-inner-content='1' data-palette='1' data-palette-variation='12' data-use-source-color-as-reference='' data-color-signal='3' data-content-color-signal='0' data-content-position='center center' data-initial-background-scale='1' data-final-background-scale='1' data-scroll-indicator-block='' data-scrolling-effect='parallax' data-follow-through-start='1' data-follow-through-end='1' data-content-color='#FFF' data-emphasis-by-space='1' data-enable-overlapping='' data-block-top-spacing='1' data-block-bottom-spacing='0' data-emphasis-top-spacing='0' data-emphasis-bottom-spacing='0' data-anchor=''\t\t>\n\n\t\t\t\n\t\t\t<div class=\"novablocks-doppler__mask  novablocks-doppler__wrapper\">\n\t\t\t\t\t\t\t\t\t\t<img decoding=\"async\" class=\"novablocks-hero__media  novablocks-doppler__target\"\n\t\t\t\t\t\t\t src=\"https:\/\/deceramicastudio.com\/wp-content\/uploads\/2020\/07\/ola-mirror.jpg\"\n\t\t\t\t\t\t\t style=\"object-position: 50% 50%;opacity: 0.9; \" \/>\n\t\t\t\t\t\n\t\t\t\t\t\t\t<\/div>\n            <div class=\"novablocks-hero__foreground novablocks-doppler__foreground novablocks-u-content-padding novablocks-u-content-align\" style=\"min-height: calc(100 * var(--novablocks-1vh, 1vh)); \">\n                <div class=\"novablocks-hero__inner-container wp-block-group__inner-container novablocks-u-content-width\" style=\"\">\n\t\t\t\t\t\n\n<div class=\"wp-block-group alignfull sm-palette-1 sm-color-signal-0\" style=\"--novablocks-emphasis-top-spacing:0;--novablocks-emphasis-bottom-spacing:0;--novablocks-block-top-spacing:1;--novablocks-block-bottom-spacing:0;--novablocks-block-zindex:0\" data-palette=\"1\" data-palette-variation=\"11\" data-color-signal=\"0\"><div class=\"wp-block-group__inner-container is-layout-flow wp-block-group-is-layout-flow\">\n<h1 class=\"has-normal-font-size wp-block-heading\">OLA<\/h1>\n<\/div><\/div>\n\n                <\/div>\n\t\t\t\t            <\/div>\n\n\t\t\t\n        <\/div>\n\n\t\t\n\n\n<div style=\"height:52px\" aria-hidden=\"true\" class=\"wp-block-spacer\"><\/div>\n\n\n\n<p>OLA este o oglind\u0103 de perete primitoare cu un buzunar ata\u0219at. <\/p>\n\n\n\n<p>Am proiectat aceast\u0103 pies\u0103 av\u00e2nd \u00een vedere o caracteristic\u0103 ceramic\u0103, buzunarul. Acest buzunar este bine vitrat \u00een interior \u0219i poate fi folosit ca vaz\u0103 sau ca o mic\u0103 cutie po\u0219tal\u0103 pentru coresponden\u021ba dvs. zilnic\u0103.<\/p>\n\n\n\n<p>Materialele folosite pentru acest proiect sunt por\u021belanul \u0219i culorile ceramice, iar oglinda de sticl\u0103 a fost realizat\u0103 la comand\u0103 de c\u0103tre un produc\u0103tor local.<\/p>\n\n\n\n<p>Ola a fost realizata \u0219i expusa pentru prima dat\u0103 \u00een 2017 la <a href=\"https:\/\/www.romaniandesignweek.ro\/\">Romanian Design Week<\/a>. <\/p>\n\n\n\n<p>Aceast\u0103 pies\u0103 poate fi comandata \u00een culoarea pe care o dori\u021bi. Livrarea poate dura intre 2-4 s\u0103pt\u0103m\u00e2ni.<\/p>\n\n\n\n\n\n<div style=\"height:61px\" aria-hidden=\"true\" class=\"wp-block-spacer\"><\/div>\n\n\n\n<figure class=\"wp-block-gallery alignfull has-nested-images columns-4 is-cropped wp-block-gallery-3 is-layout-flex wp-block-gallery-is-layout-flex\">\n<figure class=\"wp-block-image size-large\"><img loading=\"lazy\" decoding=\"async\" width=\"1024\" height=\"1024\" data-id=\"2552\" src=\"https:\/\/deceramicastudio.com\/wp-content\/uploads\/2020\/08\/ola-mirror-1024x1024.jpg\" alt=\"\" class=\"wp-image-2552\" srcset=\"https:\/\/deceramicastudio.com\/wp-content\/uploads\/2020\/08\/ola-mirror-1024x1024.jpg 1024w, https:\/\/deceramicastudio.com\/wp-content\/uploads\/2020\/08\/ola-mirror-400x400.jpg 400w, https:\/\/deceramicastudio.com\/wp-content\/uploads\/2020\/08\/ola-mirror-100x100.jpg 100w, https:\/\/deceramicastudio.com\/wp-content\/uploads\/2020\/08\/ola-mirror-800x800.jpg 800w, https:\/\/deceramicastudio.com\/wp-content\/uploads\/2020\/08\/ola-mirror-300x300.jpg 300w, https:\/\/deceramicastudio.com\/wp-content\/uploads\/2020\/08\/ola-mirror-150x150.jpg 150w, https:\/\/deceramicastudio.com\/wp-content\/uploads\/2020\/08\/ola-mirror-768x768.jpg 768w, https:\/\/deceramicastudio.com\/wp-content\/uploads\/2020\/08\/ola-mirror-1536x1536.jpg 1536w, https:\/\/deceramicastudio.com\/wp-content\/uploads\/2020\/08\/ola-mirror-2048x2048.jpg 2048w, https:\/\/deceramicastudio.com\/wp-content\/uploads\/2020\/08\/ola-mirror-250x250.jpg 250w, https:\/\/deceramicastudio.com\/wp-content\/uploads\/2020\/08\/ola-mirror-1366x1366.jpg 1366w, https:\/\/deceramicastudio.com\/wp-content\/uploads\/2020\/08\/ola-mirror-480x480.jpg 480w\" sizes=\"auto, (max-width: 1024px) 100vw, 1024px\" \/><\/figure>\n\n\n\n<figure class=\"wp-block-image size-large\"><img loading=\"lazy\" decoding=\"async\" width=\"696\" height=\"1024\" data-id=\"2550\" src=\"https:\/\/deceramicastudio.com\/wp-content\/uploads\/2020\/08\/o-696x1024.jpg\" alt=\"\" class=\"wp-image-2550\" srcset=\"https:\/\/deceramicastudio.com\/wp-content\/uploads\/2020\/08\/o-696x1024.jpg 696w, https:\/\/deceramicastudio.com\/wp-content\/uploads\/2020\/08\/o-400x589.jpg 400w, https:\/\/deceramicastudio.com\/wp-content\/uploads\/2020\/08\/o-800x1178.jpg 800w, https:\/\/deceramicastudio.com\/wp-content\/uploads\/2020\/08\/o-204x300.jpg 204w, https:\/\/deceramicastudio.com\/wp-content\/uploads\/2020\/08\/o-768x1131.jpg 768w, https:\/\/deceramicastudio.com\/wp-content\/uploads\/2020\/08\/o-170x250.jpg 170w, https:\/\/deceramicastudio.com\/wp-content\/uploads\/2020\/08\/o-928x1366.jpg 928w, https:\/\/deceramicastudio.com\/wp-content\/uploads\/2020\/08\/o-522x768.jpg 522w, https:\/\/deceramicastudio.com\/wp-content\/uploads\/2020\/08\/o-326x480.jpg 326w, https:\/\/deceramicastudio.com\/wp-content\/uploads\/2020\/08\/o.jpg 1019w\" sizes=\"auto, (max-width: 696px) 100vw, 696px\" \/><\/figure>\n\n\n\n<figure class=\"wp-block-image size-large\"><img loading=\"lazy\" decoding=\"async\" width=\"671\" height=\"1024\" data-id=\"2551\" src=\"https:\/\/deceramicastudio.com\/wp-content\/uploads\/2020\/08\/ola-foto-simple-671x1024.jpg\" alt=\"\" class=\"wp-image-2551\" srcset=\"https:\/\/deceramicastudio.com\/wp-content\/uploads\/2020\/08\/ola-foto-simple-671x1024.jpg 671w, https:\/\/deceramicastudio.com\/wp-content\/uploads\/2020\/08\/ola-foto-simple-scaled-400x610.jpg 400w, https:\/\/deceramicastudio.com\/wp-content\/uploads\/2020\/08\/ola-foto-simple-scaled-800x1221.jpg 800w, https:\/\/deceramicastudio.com\/wp-content\/uploads\/2020\/08\/ola-foto-simple-197x300.jpg 197w, https:\/\/deceramicastudio.com\/wp-content\/uploads\/2020\/08\/ola-foto-simple-768x1172.jpg 768w, https:\/\/deceramicastudio.com\/wp-content\/uploads\/2020\/08\/ola-foto-simple-1007x1536.jpg 1007w, https:\/\/deceramicastudio.com\/wp-content\/uploads\/2020\/08\/ola-foto-simple-1342x2048.jpg 1342w, https:\/\/deceramicastudio.com\/wp-content\/uploads\/2020\/08\/ola-foto-simple-164x250.jpg 164w, https:\/\/deceramicastudio.com\/wp-content\/uploads\/2020\/08\/ola-foto-simple-895x1366.jpg 895w, https:\/\/deceramicastudio.com\/wp-content\/uploads\/2020\/08\/ola-foto-simple-503x768.jpg 503w, https:\/\/deceramicastudio.com\/wp-content\/uploads\/2020\/08\/ola-foto-simple-315x480.jpg 315w, https:\/\/deceramicastudio.com\/wp-content\/uploads\/2020\/08\/ola-foto-simple-scaled.jpg 1678w\" sizes=\"auto, (max-width: 671px) 100vw, 671px\" \/><\/figure>\n\n\n\n<figure class=\"wp-block-image size-large\"><img loading=\"lazy\" decoding=\"async\" width=\"683\" height=\"1024\" data-id=\"2553\" src=\"https:\/\/deceramicastudio.com\/wp-content\/uploads\/2020\/08\/ola-no3-683x1024.jpg\" alt=\"\" class=\"wp-image-2553\" srcset=\"https:\/\/deceramicastudio.com\/wp-content\/uploads\/2020\/08\/ola-no3-683x1024.jpg 683w, https:\/\/deceramicastudio.com\/wp-content\/uploads\/2020\/08\/ola-no3-scaled-400x600.jpg 400w, https:\/\/deceramicastudio.com\/wp-content\/uploads\/2020\/08\/ola-no3-scaled-800x1200.jpg 800w, https:\/\/deceramicastudio.com\/wp-content\/uploads\/2020\/08\/ola-no3-200x300.jpg 200w, https:\/\/deceramicastudio.com\/wp-content\/uploads\/2020\/08\/ola-no3-768x1152.jpg 768w, https:\/\/deceramicastudio.com\/wp-content\/uploads\/2020\/08\/ola-no3-1024x1536.jpg 1024w, https:\/\/deceramicastudio.com\/wp-content\/uploads\/2020\/08\/ola-no3-1365x2048.jpg 1365w, https:\/\/deceramicastudio.com\/wp-content\/uploads\/2020\/08\/ola-no3-167x250.jpg 167w, https:\/\/deceramicastudio.com\/wp-content\/uploads\/2020\/08\/ola-no3-911x1366.jpg 911w, https:\/\/deceramicastudio.com\/wp-content\/uploads\/2020\/08\/ola-no3-512x768.jpg 512w, https:\/\/deceramicastudio.com\/wp-content\/uploads\/2020\/08\/ola-no3-320x480.jpg 320w, https:\/\/deceramicastudio.com\/wp-content\/uploads\/2020\/08\/ola-no3-scaled.jpg 1707w\" sizes=\"auto, (max-width: 683px) 100vw, 683px\" \/><\/figure>\n<\/figure>\n\n\n\n<div style=\"height:21px\" aria-hidden=\"true\" class=\"wp-block-spacer\"><\/div>","protected":false},"excerpt":{"rendered":"<p>OLA is a welcoming wall mirror with a pocket. We designed this piece with a ceramic feature in mind, the pocket. This pocket is well [&hellip;]<\/p>\n","protected":false},"author":3,"featured_media":0,"parent":1101,"menu_order":0,"comment_status":"closed","ping_status":"closed","template":"","meta":{"novablocks_hero_scroll_indicator":false,"novablocks_hero_position_indicators":false,"footnotes":""},"class_list":["post-2241","page","type-page","status-publish","hentry"],"yoast_head":"<!-- This site is optimized with the Yoast SEO plugin v27.3 - https:\/\/yoast.com\/product\/yoast-seo-wordpress\/ -->\n<title>Ola - DE CERAMIC\u0102<\/title>\n<meta name=\"robots\" content=\"index, follow, max-snippet:-1, max-image-preview:large, max-video-preview:-1\" \/>\n<link rel=\"canonical\" href=\"https:\/\/deceramicastudio.com\/ro\/collections\/ola\/\" \/>\n<meta property=\"og:locale\" content=\"ro_RO\" \/>\n<meta property=\"og:type\" content=\"article\" \/>\n<meta property=\"og:title\" content=\"Ola - DE CERAMIC\u0102\" \/>\n<meta property=\"og:description\" content=\"OLA is a welcoming wall mirror with a pocket. We designed this piece with a ceramic feature in mind, the pocket. This pocket is well [&hellip;]\" \/>\n<meta property=\"og:url\" content=\"https:\/\/deceramicastudio.com\/ro\/collections\/ola\/\" \/>\n<meta property=\"og:site_name\" content=\"DE CERAMIC\u0102\" \/>\n<meta property=\"article:publisher\" content=\"https:\/\/www.facebook.com\/DeCeramicaMadalinaTeler\" \/>\n<meta property=\"article:modified_time\" content=\"2023-01-14T10:40:13+00:00\" \/>\n<meta property=\"og:image\" content=\"https:\/\/deceramicastudio.com\/wp-content\/uploads\/2020\/08\/ola-mirror-1024x1024.jpg\" \/>\n<meta name=\"twitter:card\" content=\"summary_large_image\" \/>\n<meta name=\"twitter:label1\" content=\"Timp estimat pentru citire\" \/>\n\t<meta name=\"twitter:data1\" content=\"2 minute\" \/>\n<script type=\"application\/ld+json\" class=\"yoast-schema-graph\">{\"@context\":\"https:\\\/\\\/schema.org\",\"@graph\":[{\"@type\":\"WebPage\",\"@id\":\"https:\\\/\\\/deceramicastudio.com\\\/collections\\\/ola\\\/\",\"url\":\"https:\\\/\\\/deceramicastudio.com\\\/collections\\\/ola\\\/\",\"name\":\"Ola - DE CERAMIC\u0102\",\"isPartOf\":{\"@id\":\"https:\\\/\\\/deceramicastudio.com\\\/#website\"},\"primaryImageOfPage\":{\"@id\":\"https:\\\/\\\/deceramicastudio.com\\\/collections\\\/ola\\\/#primaryimage\"},\"image\":{\"@id\":\"https:\\\/\\\/deceramicastudio.com\\\/collections\\\/ola\\\/#primaryimage\"},\"thumbnailUrl\":\"https:\\\/\\\/deceramicastudio.com\\\/wp-content\\\/uploads\\\/2020\\\/08\\\/ola-mirror-1024x1024.jpg\",\"datePublished\":\"2020-07-28T10:51:18+00:00\",\"dateModified\":\"2023-01-14T10:40:13+00:00\",\"breadcrumb\":{\"@id\":\"https:\\\/\\\/deceramicastudio.com\\\/collections\\\/ola\\\/#breadcrumb\"},\"inLanguage\":\"ro-RO\",\"potentialAction\":[{\"@type\":\"ReadAction\",\"target\":[\"https:\\\/\\\/deceramicastudio.com\\\/collections\\\/ola\\\/\"]}]},{\"@type\":\"ImageObject\",\"inLanguage\":\"ro-RO\",\"@id\":\"https:\\\/\\\/deceramicastudio.com\\\/collections\\\/ola\\\/#primaryimage\",\"url\":\"https:\\\/\\\/deceramicastudio.com\\\/wp-content\\\/uploads\\\/2020\\\/08\\\/ola-mirror-1024x1024.jpg\",\"contentUrl\":\"https:\\\/\\\/deceramicastudio.com\\\/wp-content\\\/uploads\\\/2020\\\/08\\\/ola-mirror-1024x1024.jpg\"},{\"@type\":\"BreadcrumbList\",\"@id\":\"https:\\\/\\\/deceramicastudio.com\\\/collections\\\/ola\\\/#breadcrumb\",\"itemListElement\":[{\"@type\":\"ListItem\",\"position\":1,\"name\":\"Home\",\"item\":\"https:\\\/\\\/deceramicastudio.com\\\/\"},{\"@type\":\"ListItem\",\"position\":2,\"name\":\"COLLECTIONS\",\"item\":\"https:\\\/\\\/deceramicastudio.com\\\/collections\\\/\"},{\"@type\":\"ListItem\",\"position\":3,\"name\":\"Ola\"}]},{\"@type\":\"WebSite\",\"@id\":\"https:\\\/\\\/deceramicastudio.com\\\/#website\",\"url\":\"https:\\\/\\\/deceramicastudio.com\\\/\",\"name\":\"DE CERAMIC\u0102\",\"description\":\"handcrafted ceramics\",\"publisher\":{\"@id\":\"https:\\\/\\\/deceramicastudio.com\\\/#organization\"},\"potentialAction\":[{\"@type\":\"SearchAction\",\"target\":{\"@type\":\"EntryPoint\",\"urlTemplate\":\"https:\\\/\\\/deceramicastudio.com\\\/?s={search_term_string}\"},\"query-input\":{\"@type\":\"PropertyValueSpecification\",\"valueRequired\":true,\"valueName\":\"search_term_string\"}}],\"inLanguage\":\"ro-RO\"},{\"@type\":\"Organization\",\"@id\":\"https:\\\/\\\/deceramicastudio.com\\\/#organization\",\"name\":\"De Ceramic\u0103\",\"url\":\"https:\\\/\\\/deceramicastudio.com\\\/\",\"logo\":{\"@type\":\"ImageObject\",\"inLanguage\":\"ro-RO\",\"@id\":\"https:\\\/\\\/deceramicastudio.com\\\/#\\\/schema\\\/logo\\\/image\\\/\",\"url\":\"https:\\\/\\\/deceramicastudio.com\\\/wp-content\\\/uploads\\\/2020\\\/12\\\/Logo-gri-mic-DeCeramica.png\",\"contentUrl\":\"https:\\\/\\\/deceramicastudio.com\\\/wp-content\\\/uploads\\\/2020\\\/12\\\/Logo-gri-mic-DeCeramica.png\",\"width\":251,\"height\":49,\"caption\":\"De Ceramic\u0103\"},\"image\":{\"@id\":\"https:\\\/\\\/deceramicastudio.com\\\/#\\\/schema\\\/logo\\\/image\\\/\"},\"sameAs\":[\"https:\\\/\\\/www.facebook.com\\\/DeCeramicaMadalinaTeler\",\"https:\\\/\\\/www.instagram.com\\\/de.ceramica\\\/\"]}]}<\/script>\n<!-- \/ Yoast SEO plugin. -->","yoast_head_json":{"title":"Ola - DE CERAMIC\u0102","robots":{"index":"index","follow":"follow","max-snippet":"max-snippet:-1","max-image-preview":"max-image-preview:large","max-video-preview":"max-video-preview:-1"},"canonical":"https:\/\/deceramicastudio.com\/ro\/collections\/ola\/","og_locale":"ro_RO","og_type":"article","og_title":"Ola - DE CERAMIC\u0102","og_description":"OLA is a welcoming wall mirror with a pocket. We designed this piece with a ceramic feature in mind, the pocket. This pocket is well [&hellip;]","og_url":"https:\/\/deceramicastudio.com\/ro\/collections\/ola\/","og_site_name":"DE CERAMIC\u0102","article_publisher":"https:\/\/www.facebook.com\/DeCeramicaMadalinaTeler","article_modified_time":"2023-01-14T10:40:13+00:00","og_image":[{"url":"https:\/\/deceramicastudio.com\/wp-content\/uploads\/2020\/08\/ola-mirror-1024x1024.jpg","type":"","width":"","height":""}],"twitter_card":"summary_large_image","twitter_misc":{"Timp estimat pentru citire":"2 minute"},"schema":{"@context":"https:\/\/schema.org","@graph":[{"@type":"WebPage","@id":"https:\/\/deceramicastudio.com\/collections\/ola\/","url":"https:\/\/deceramicastudio.com\/collections\/ola\/","name":"Ola - DE CERAMIC\u0102","isPartOf":{"@id":"https:\/\/deceramicastudio.com\/#website"},"primaryImageOfPage":{"@id":"https:\/\/deceramicastudio.com\/collections\/ola\/#primaryimage"},"image":{"@id":"https:\/\/deceramicastudio.com\/collections\/ola\/#primaryimage"},"thumbnailUrl":"https:\/\/deceramicastudio.com\/wp-content\/uploads\/2020\/08\/ola-mirror-1024x1024.jpg","datePublished":"2020-07-28T10:51:18+00:00","dateModified":"2023-01-14T10:40:13+00:00","breadcrumb":{"@id":"https:\/\/deceramicastudio.com\/collections\/ola\/#breadcrumb"},"inLanguage":"ro-RO","potentialAction":[{"@type":"ReadAction","target":["https:\/\/deceramicastudio.com\/collections\/ola\/"]}]},{"@type":"ImageObject","inLanguage":"ro-RO","@id":"https:\/\/deceramicastudio.com\/collections\/ola\/#primaryimage","url":"https:\/\/deceramicastudio.com\/wp-content\/uploads\/2020\/08\/ola-mirror-1024x1024.jpg","contentUrl":"https:\/\/deceramicastudio.com\/wp-content\/uploads\/2020\/08\/ola-mirror-1024x1024.jpg"},{"@type":"BreadcrumbList","@id":"https:\/\/deceramicastudio.com\/collections\/ola\/#breadcrumb","itemListElement":[{"@type":"ListItem","position":1,"name":"Home","item":"https:\/\/deceramicastudio.com\/"},{"@type":"ListItem","position":2,"name":"COLLECTIONS","item":"https:\/\/deceramicastudio.com\/collections\/"},{"@type":"ListItem","position":3,"name":"Ola"}]},{"@type":"WebSite","@id":"https:\/\/deceramicastudio.com\/#website","url":"https:\/\/deceramicastudio.com\/","name":"DE CERAMIC\u0102","description":"handcrafted ceramics","publisher":{"@id":"https:\/\/deceramicastudio.com\/#organization"},"potentialAction":[{"@type":"SearchAction","target":{"@type":"EntryPoint","urlTemplate":"https:\/\/deceramicastudio.com\/?s={search_term_string}"},"query-input":{"@type":"PropertyValueSpecification","valueRequired":true,"valueName":"search_term_string"}}],"inLanguage":"ro-RO"},{"@type":"Organization","@id":"https:\/\/deceramicastudio.com\/#organization","name":"De Ceramic\u0103","url":"https:\/\/deceramicastudio.com\/","logo":{"@type":"ImageObject","inLanguage":"ro-RO","@id":"https:\/\/deceramicastudio.com\/#\/schema\/logo\/image\/","url":"https:\/\/deceramicastudio.com\/wp-content\/uploads\/2020\/12\/Logo-gri-mic-DeCeramica.png","contentUrl":"https:\/\/deceramicastudio.com\/wp-content\/uploads\/2020\/12\/Logo-gri-mic-DeCeramica.png","width":251,"height":49,"caption":"De Ceramic\u0103"},"image":{"@id":"https:\/\/deceramicastudio.com\/#\/schema\/logo\/image\/"},"sameAs":["https:\/\/www.facebook.com\/DeCeramicaMadalinaTeler","https:\/\/www.instagram.com\/de.ceramica\/"]}]}},"jetpack_sharing_enabled":true,"_links":{"self":[{"href":"https:\/\/deceramicastudio.com\/ro\/wp-json\/wp\/v2\/pages\/2241","targetHints":{"allow":["GET"]}}],"collection":[{"href":"https:\/\/deceramicastudio.com\/ro\/wp-json\/wp\/v2\/pages"}],"about":[{"href":"https:\/\/deceramicastudio.com\/ro\/wp-json\/wp\/v2\/types\/page"}],"author":[{"embeddable":true,"href":"https:\/\/deceramicastudio.com\/ro\/wp-json\/wp\/v2\/users\/3"}],"replies":[{"embeddable":true,"href":"https:\/\/deceramicastudio.com\/ro\/wp-json\/wp\/v2\/comments?post=2241"}],"version-history":[{"count":11,"href":"https:\/\/deceramicastudio.com\/ro\/wp-json\/wp\/v2\/pages\/2241\/revisions"}],"predecessor-version":[{"id":8165,"href":"https:\/\/deceramicastudio.com\/ro\/wp-json\/wp\/v2\/pages\/2241\/revisions\/8165"}],"up":[{"embeddable":true,"href":"https:\/\/deceramicastudio.com\/ro\/wp-json\/wp\/v2\/pages\/1101"}],"wp:attachment":[{"href":"https:\/\/deceramicastudio.com\/ro\/wp-json\/wp\/v2\/media?parent=2241"}],"curies":[{"name":"wp","href":"https:\/\/api.w.org\/{rel}","templated":true}]}}