{"id":2242,"date":"2020-07-28T11:12:43","date_gmt":"2020-07-28T11:12:43","guid":{"rendered":"https:\/\/deceramicastudio.com\/?page_id=2242"},"modified":"2021-06-23T02:04:39","modified_gmt":"2021-06-22T23:04:39","slug":"cupola","status":"publish","type":"page","link":"https:\/\/deceramicastudio.com\/ro\/collections\/cupola\/","title":{"rendered":"Cupola"},"content":{"rendered":"<div \t\t\tclass=\"novablocks-hero novablocks-doppler alignfull novablocks-u-valign-center novablocks-u-halign-center novablocks-u-spacing-small novablocks-u-content-width-full novablocks-u-background novablocks-u-background-light sm-palette-1 sm-variation-12 scrolling-effect-parallax\"\n\t\t\tstyle=\"--novablocks-block-top-spacing: 1; --novablocks-block-bottom-spacing: 0; --novablocks-emphasis-top-spacing: 0; --novablocks-emphasis-bottom-spacing: 0; --novablocks-hero-text-color: #FFF;min-height: calc(100* var(--novablocks-1vh, 1vh)); \"\n\t\t\tdata-defaults-generated='1' data-template-inserted='1' data-overlay-filter-style='light' data-content-padding='small' data-content-width='full' data-focal-point='{&quot;x&quot;:0.4,&quot;y&quot;:0.06}' data-final-focal-point='{&quot;x&quot;:0.4,&quot;y&quot;:0.5}' data-initial-background-scale='1.16' data-motion-preset='custom' data-block-index='0' data-min-height-fallback='100' data-scroll-indicator='' data-position-indicators='1' data-display-inner-content='1' data-palette='1' data-palette-variation='12' data-use-source-color-as-reference='' data-color-signal='3' data-content-color-signal='0' data-content-position='center center' data-final-background-scale='1' data-scroll-indicator-block='' data-scrolling-effect='parallax' data-follow-through-start='1' data-follow-through-end='1' data-content-color='#FFF' data-overlay-filter-strength='30' data-emphasis-by-space='1' data-enable-overlapping='' data-block-top-spacing='1' data-block-bottom-spacing='0' data-emphasis-top-spacing='0' data-emphasis-bottom-spacing='0' data-anchor=''\t\t>\n\n\t\t\t\n\t\t\t<div class=\"novablocks-doppler__mask  novablocks-doppler__wrapper\">\n\t\t\t\t\t\t\t\t\t\t<img decoding=\"async\" class=\"novablocks-hero__media  novablocks-doppler__target\"\n\t\t\t\t\t\t\t src=\"https:\/\/deceramicastudio.com\/wp-content\/uploads\/2020\/07\/cupola.jpg\"\n\t\t\t\t\t\t\t style=\"object-position: 40% 6%;opacity: 0.7; \" \/>\n\t\t\t\t\t\n\t\t\t\t\t\t\t<\/div>\n            <div class=\"novablocks-hero__foreground novablocks-doppler__foreground novablocks-u-content-padding novablocks-u-content-align\" style=\"min-height: calc(100 * var(--novablocks-1vh, 1vh)); \">\n                <div class=\"novablocks-hero__inner-container wp-block-group__inner-container novablocks-u-content-width\" style=\"\">\n\t\t\t\t\t\n\n<h1 class=\"has-sm-light-primary-color has-text-color has-normal-font-size wp-block-heading\">CUPOLA<\/h1>\n\n                <\/div>\n\t\t\t\t            <\/div>\n\n\t\t\t\n        <\/div>\n\n\t\t\n\n\n<div style=\"height:40px\" aria-hidden=\"true\" class=\"wp-block-spacer\"><\/div>\n\n\n\n<p class=\"has-sm-dark-primary-color has-text-color\">CUPOLA este o pereche de dou\u0103 piese elegante \u0219i decorative. O cupola mare cu clopot de sticla \u0219i piedestal ceramic \u0219i un recipient mai mic din ceramic\u0103 cu capac. <\/p>\n\n\n\n<p class=\"has-sm-dark-primary-color has-text-color\">Acest proiect a fost conceput pentru a fi at\u00e2t decorativ, c\u00e2t \u0219i func\u021bional. Piedestalul din ceramic\u0103 se \u00eemparte \u00eentr-un platou simplu \u0219i un bol pentru fructe, \u00een timp ce clopotul de sticl\u0103 este foarte util pentru a \u021bine sub el orice \u00ee\u021bi este drag.<\/p>\n\n\n\n<div style=\"height:50px\" aria-hidden=\"true\" class=\"wp-block-spacer\"><\/div>\n\n\n\n<div class=\"wp-block-columns alignfull is-layout-flex wp-container-core-columns-is-layout-9d6595d7 wp-block-columns-is-layout-flex\">\n<div class=\"wp-block-column is-layout-flow wp-block-column-is-layout-flow\">\n<div class=\"wp-block-cover alignfull has-background-dim-10 has-sm-light-primary-background-color has-background-dim\" style=\"min-height:450px;aspect-ratio:unset;\"><img loading=\"lazy\" decoding=\"async\" width=\"1997\" height=\"2560\" class=\"wp-block-cover__image-background wp-image-3162\" alt=\"\" src=\"https:\/\/deceramicastudio.com\/wp-content\/uploads\/2020\/10\/cupola-jar-scaled.jpg\" style=\"object-position:50% 54%\" data-object-fit=\"cover\" data-object-position=\"50% 54%\" srcset=\"https:\/\/deceramicastudio.com\/wp-content\/uploads\/2020\/10\/cupola-jar-scaled.jpg 1997w, https:\/\/deceramicastudio.com\/wp-content\/uploads\/2020\/10\/cupola-jar-scaled-400x513.jpg 400w, https:\/\/deceramicastudio.com\/wp-content\/uploads\/2020\/10\/cupola-jar-scaled-800x1026.jpg 800w, https:\/\/deceramicastudio.com\/wp-content\/uploads\/2020\/10\/cupola-jar-234x300.jpg 234w, https:\/\/deceramicastudio.com\/wp-content\/uploads\/2020\/10\/cupola-jar-799x1024.jpg 799w, https:\/\/deceramicastudio.com\/wp-content\/uploads\/2020\/10\/cupola-jar-768x984.jpg 768w, https:\/\/deceramicastudio.com\/wp-content\/uploads\/2020\/10\/cupola-jar-1198x1536.jpg 1198w, https:\/\/deceramicastudio.com\/wp-content\/uploads\/2020\/10\/cupola-jar-1598x2048.jpg 1598w, https:\/\/deceramicastudio.com\/wp-content\/uploads\/2020\/10\/cupola-jar-195x250.jpg 195w, https:\/\/deceramicastudio.com\/wp-content\/uploads\/2020\/10\/cupola-jar-1066x1366.jpg 1066w, https:\/\/deceramicastudio.com\/wp-content\/uploads\/2020\/10\/cupola-jar-599x768.jpg 599w, https:\/\/deceramicastudio.com\/wp-content\/uploads\/2020\/10\/cupola-jar-374x480.jpg 374w\" sizes=\"auto, (max-width: 1997px) 100vw, 1997px\" \/><div class=\"wp-block-cover__inner-container is-layout-flow wp-block-cover-is-layout-flow\">\n<p class=\"has-text-align-center has-large-font-size\"><\/p>\n<\/div><\/div>\n<\/div>\n\n\n\n<div class=\"wp-block-column is-layout-flow wp-block-column-is-layout-flow\">\n<div class=\"wp-block-cover alignfull has-background-dim-10 has-sm-light-primary-background-color has-background-dim\" style=\"min-height:450px;aspect-ratio:unset;\"><img loading=\"lazy\" decoding=\"async\" width=\"1909\" height=\"2052\" class=\"wp-block-cover__image-background wp-image-3156\" alt=\"\" src=\"https:\/\/deceramicastudio.com\/wp-content\/uploads\/2020\/10\/cupola.jpg\" style=\"object-position:50% 50%\" data-object-fit=\"cover\" data-object-position=\"50% 50%\" srcset=\"https:\/\/deceramicastudio.com\/wp-content\/uploads\/2020\/10\/cupola.jpg 1909w, https:\/\/deceramicastudio.com\/wp-content\/uploads\/2020\/10\/cupola-400x430.jpg 400w, https:\/\/deceramicastudio.com\/wp-content\/uploads\/2020\/10\/cupola-800x860.jpg 800w, https:\/\/deceramicastudio.com\/wp-content\/uploads\/2020\/10\/cupola-279x300.jpg 279w, https:\/\/deceramicastudio.com\/wp-content\/uploads\/2020\/10\/cupola-953x1024.jpg 953w, https:\/\/deceramicastudio.com\/wp-content\/uploads\/2020\/10\/cupola-768x826.jpg 768w, https:\/\/deceramicastudio.com\/wp-content\/uploads\/2020\/10\/cupola-1429x1536.jpg 1429w, https:\/\/deceramicastudio.com\/wp-content\/uploads\/2020\/10\/cupola-1905x2048.jpg 1905w, https:\/\/deceramicastudio.com\/wp-content\/uploads\/2020\/10\/cupola-233x250.jpg 233w, https:\/\/deceramicastudio.com\/wp-content\/uploads\/2020\/10\/cupola-1271x1366.jpg 1271w, https:\/\/deceramicastudio.com\/wp-content\/uploads\/2020\/10\/cupola-714x768.jpg 714w, https:\/\/deceramicastudio.com\/wp-content\/uploads\/2020\/10\/cupola-447x480.jpg 447w\" sizes=\"auto, (max-width: 1909px) 100vw, 1909px\" \/><div class=\"wp-block-cover__inner-container is-layout-flow wp-block-cover-is-layout-flow\">\n<p class=\"has-text-align-center has-large-font-size\"><\/p>\n<\/div><\/div>\n\n\n\n<p><\/p>\n<\/div>\n\n\n\n<div class=\"wp-block-column is-layout-flow wp-block-column-is-layout-flow\" style=\"flex-basis:100%\">\n<div class=\"wp-block-cover alignfull has-background-dim-10 has-sm-light-primary-background-color has-background-dim\" style=\"min-height:450px;aspect-ratio:unset;\"><img loading=\"lazy\" decoding=\"async\" width=\"1964\" height=\"2156\" class=\"wp-block-cover__image-background wp-image-3163\" alt=\"\" src=\"https:\/\/deceramicastudio.com\/wp-content\/uploads\/2020\/10\/cupola-bowl-scaled-e1602705615934.jpg\" style=\"object-position:47% 52%\" data-object-fit=\"cover\" data-object-position=\"47% 52%\" srcset=\"https:\/\/deceramicastudio.com\/wp-content\/uploads\/2020\/10\/cupola-bowl-scaled-e1602705615934.jpg 1964w, https:\/\/deceramicastudio.com\/wp-content\/uploads\/2020\/10\/cupola-bowl-scaled-e1602705615934-400x439.jpg 400w, https:\/\/deceramicastudio.com\/wp-content\/uploads\/2020\/10\/cupola-bowl-scaled-e1602705615934-800x878.jpg 800w, https:\/\/deceramicastudio.com\/wp-content\/uploads\/2020\/10\/cupola-bowl-scaled-e1602705615934-273x300.jpg 273w, https:\/\/deceramicastudio.com\/wp-content\/uploads\/2020\/10\/cupola-bowl-scaled-e1602705615934-933x1024.jpg 933w, https:\/\/deceramicastudio.com\/wp-content\/uploads\/2020\/10\/cupola-bowl-scaled-e1602705615934-768x843.jpg 768w, https:\/\/deceramicastudio.com\/wp-content\/uploads\/2020\/10\/cupola-bowl-scaled-e1602705615934-1399x1536.jpg 1399w, https:\/\/deceramicastudio.com\/wp-content\/uploads\/2020\/10\/cupola-bowl-scaled-e1602705615934-1866x2048.jpg 1866w, https:\/\/deceramicastudio.com\/wp-content\/uploads\/2020\/10\/cupola-bowl-scaled-e1602705615934-228x250.jpg 228w, https:\/\/deceramicastudio.com\/wp-content\/uploads\/2020\/10\/cupola-bowl-scaled-e1602705615934-1244x1366.jpg 1244w, https:\/\/deceramicastudio.com\/wp-content\/uploads\/2020\/10\/cupola-bowl-scaled-e1602705615934-700x768.jpg 700w, https:\/\/deceramicastudio.com\/wp-content\/uploads\/2020\/10\/cupola-bowl-scaled-e1602705615934-437x480.jpg 437w\" sizes=\"auto, (max-width: 1964px) 100vw, 1964px\" \/><div class=\"wp-block-cover__inner-container is-layout-flow wp-block-cover-is-layout-flow\">\n<p class=\"has-text-align-center has-large-font-size\"><\/p>\n<\/div><\/div>\n\n\n\n<p><\/p>\n<\/div>\n<\/div>\n\n\n\n<p><\/p>","protected":false},"excerpt":{"rendered":"<p>CUPOLA is a pair of two elegant tabletop pieces. A large glass bell jar with ceramic pedestal and a small ceramic jar with lid. This [&hellip;]<\/p>\n","protected":false},"author":3,"featured_media":0,"parent":1101,"menu_order":0,"comment_status":"closed","ping_status":"closed","template":"","meta":{"novablocks_hero_scroll_indicator":false,"novablocks_hero_position_indicators":false,"footnotes":""},"class_list":["post-2242","page","type-page","status-publish","hentry"],"yoast_head":"<!-- This site is optimized with the Yoast SEO plugin v27.4 - https:\/\/yoast.com\/product\/yoast-seo-wordpress\/ -->\n<title>Cupola - DE CERAMIC\u0102<\/title>\n<meta name=\"robots\" content=\"index, follow, max-snippet:-1, max-image-preview:large, max-video-preview:-1\" \/>\n<link rel=\"canonical\" href=\"https:\/\/deceramicastudio.com\/ro\/collections\/cupola\/\" \/>\n<meta property=\"og:locale\" content=\"ro_RO\" \/>\n<meta property=\"og:type\" content=\"article\" \/>\n<meta property=\"og:title\" content=\"Cupola - DE CERAMIC\u0102\" \/>\n<meta property=\"og:description\" content=\"CUPOLA is a pair of two elegant tabletop pieces. A large glass bell jar with ceramic pedestal and a small ceramic jar with lid. This [&hellip;]\" \/>\n<meta property=\"og:url\" content=\"https:\/\/deceramicastudio.com\/ro\/collections\/cupola\/\" \/>\n<meta property=\"og:site_name\" content=\"DE CERAMIC\u0102\" \/>\n<meta property=\"article:publisher\" content=\"https:\/\/www.facebook.com\/DeCeramicaMadalinaTeler\" \/>\n<meta property=\"article:modified_time\" content=\"2021-06-22T23:04:39+00:00\" \/>\n<meta property=\"og:image\" content=\"https:\/\/deceramicastudio.com\/wp-content\/uploads\/2020\/10\/cupola-jar-scaled.jpg\" \/>\n<meta name=\"twitter:card\" content=\"summary_large_image\" \/>\n<meta name=\"twitter:label1\" content=\"Timp estimat pentru citire\" \/>\n\t<meta name=\"twitter:data1\" content=\"1 minut\" \/>\n<script type=\"application\/ld+json\" class=\"yoast-schema-graph\">{\"@context\":\"https:\\\/\\\/schema.org\",\"@graph\":[{\"@type\":\"WebPage\",\"@id\":\"https:\\\/\\\/deceramicastudio.com\\\/collections\\\/cupola\\\/\",\"url\":\"https:\\\/\\\/deceramicastudio.com\\\/collections\\\/cupola\\\/\",\"name\":\"Cupola - DE CERAMIC\u0102\",\"isPartOf\":{\"@id\":\"https:\\\/\\\/deceramicastudio.com\\\/#website\"},\"primaryImageOfPage\":{\"@id\":\"https:\\\/\\\/deceramicastudio.com\\\/collections\\\/cupola\\\/#primaryimage\"},\"image\":{\"@id\":\"https:\\\/\\\/deceramicastudio.com\\\/collections\\\/cupola\\\/#primaryimage\"},\"thumbnailUrl\":\"https:\\\/\\\/deceramicastudio.com\\\/wp-content\\\/uploads\\\/2020\\\/10\\\/cupola-jar-scaled.jpg\",\"datePublished\":\"2020-07-28T11:12:43+00:00\",\"dateModified\":\"2021-06-22T23:04:39+00:00\",\"breadcrumb\":{\"@id\":\"https:\\\/\\\/deceramicastudio.com\\\/collections\\\/cupola\\\/#breadcrumb\"},\"inLanguage\":\"ro-RO\",\"potentialAction\":[{\"@type\":\"ReadAction\",\"target\":[\"https:\\\/\\\/deceramicastudio.com\\\/collections\\\/cupola\\\/\"]}]},{\"@type\":\"ImageObject\",\"inLanguage\":\"ro-RO\",\"@id\":\"https:\\\/\\\/deceramicastudio.com\\\/collections\\\/cupola\\\/#primaryimage\",\"url\":\"https:\\\/\\\/deceramicastudio.com\\\/wp-content\\\/uploads\\\/2020\\\/10\\\/cupola-jar-scaled.jpg\",\"contentUrl\":\"https:\\\/\\\/deceramicastudio.com\\\/wp-content\\\/uploads\\\/2020\\\/10\\\/cupola-jar-scaled.jpg\"},{\"@type\":\"BreadcrumbList\",\"@id\":\"https:\\\/\\\/deceramicastudio.com\\\/collections\\\/cupola\\\/#breadcrumb\",\"itemListElement\":[{\"@type\":\"ListItem\",\"position\":1,\"name\":\"Home\",\"item\":\"https:\\\/\\\/deceramicastudio.com\\\/\"},{\"@type\":\"ListItem\",\"position\":2,\"name\":\"COLLECTIONS\",\"item\":\"https:\\\/\\\/deceramicastudio.com\\\/collections\\\/\"},{\"@type\":\"ListItem\",\"position\":3,\"name\":\"Cupola\"}]},{\"@type\":\"WebSite\",\"@id\":\"https:\\\/\\\/deceramicastudio.com\\\/#website\",\"url\":\"https:\\\/\\\/deceramicastudio.com\\\/\",\"name\":\"DE CERAMIC\u0102\",\"description\":\"handcrafted ceramics\",\"publisher\":{\"@id\":\"https:\\\/\\\/deceramicastudio.com\\\/#organization\"},\"potentialAction\":[{\"@type\":\"SearchAction\",\"target\":{\"@type\":\"EntryPoint\",\"urlTemplate\":\"https:\\\/\\\/deceramicastudio.com\\\/?s={search_term_string}\"},\"query-input\":{\"@type\":\"PropertyValueSpecification\",\"valueRequired\":true,\"valueName\":\"search_term_string\"}}],\"inLanguage\":\"ro-RO\"},{\"@type\":\"Organization\",\"@id\":\"https:\\\/\\\/deceramicastudio.com\\\/#organization\",\"name\":\"De Ceramic\u0103\",\"url\":\"https:\\\/\\\/deceramicastudio.com\\\/\",\"logo\":{\"@type\":\"ImageObject\",\"inLanguage\":\"ro-RO\",\"@id\":\"https:\\\/\\\/deceramicastudio.com\\\/#\\\/schema\\\/logo\\\/image\\\/\",\"url\":\"https:\\\/\\\/deceramicastudio.com\\\/wp-content\\\/uploads\\\/2020\\\/12\\\/Logo-gri-mic-DeCeramica.png\",\"contentUrl\":\"https:\\\/\\\/deceramicastudio.com\\\/wp-content\\\/uploads\\\/2020\\\/12\\\/Logo-gri-mic-DeCeramica.png\",\"width\":251,\"height\":49,\"caption\":\"De Ceramic\u0103\"},\"image\":{\"@id\":\"https:\\\/\\\/deceramicastudio.com\\\/#\\\/schema\\\/logo\\\/image\\\/\"},\"sameAs\":[\"https:\\\/\\\/www.facebook.com\\\/DeCeramicaMadalinaTeler\",\"https:\\\/\\\/www.instagram.com\\\/de.ceramica\\\/\"]}]}<\/script>\n<!-- \/ Yoast SEO plugin. -->","yoast_head_json":{"title":"Cupola - DE CERAMIC\u0102","robots":{"index":"index","follow":"follow","max-snippet":"max-snippet:-1","max-image-preview":"max-image-preview:large","max-video-preview":"max-video-preview:-1"},"canonical":"https:\/\/deceramicastudio.com\/ro\/collections\/cupola\/","og_locale":"ro_RO","og_type":"article","og_title":"Cupola - DE CERAMIC\u0102","og_description":"CUPOLA is a pair of two elegant tabletop pieces. A large glass bell jar with ceramic pedestal and a small ceramic jar with lid. This [&hellip;]","og_url":"https:\/\/deceramicastudio.com\/ro\/collections\/cupola\/","og_site_name":"DE CERAMIC\u0102","article_publisher":"https:\/\/www.facebook.com\/DeCeramicaMadalinaTeler","article_modified_time":"2021-06-22T23:04:39+00:00","og_image":[{"url":"https:\/\/deceramicastudio.com\/wp-content\/uploads\/2020\/10\/cupola-jar-scaled.jpg","type":"","width":"","height":""}],"twitter_card":"summary_large_image","twitter_misc":{"Timp estimat pentru citire":"1 minut"},"schema":{"@context":"https:\/\/schema.org","@graph":[{"@type":"WebPage","@id":"https:\/\/deceramicastudio.com\/collections\/cupola\/","url":"https:\/\/deceramicastudio.com\/collections\/cupola\/","name":"Cupola - DE CERAMIC\u0102","isPartOf":{"@id":"https:\/\/deceramicastudio.com\/#website"},"primaryImageOfPage":{"@id":"https:\/\/deceramicastudio.com\/collections\/cupola\/#primaryimage"},"image":{"@id":"https:\/\/deceramicastudio.com\/collections\/cupola\/#primaryimage"},"thumbnailUrl":"https:\/\/deceramicastudio.com\/wp-content\/uploads\/2020\/10\/cupola-jar-scaled.jpg","datePublished":"2020-07-28T11:12:43+00:00","dateModified":"2021-06-22T23:04:39+00:00","breadcrumb":{"@id":"https:\/\/deceramicastudio.com\/collections\/cupola\/#breadcrumb"},"inLanguage":"ro-RO","potentialAction":[{"@type":"ReadAction","target":["https:\/\/deceramicastudio.com\/collections\/cupola\/"]}]},{"@type":"ImageObject","inLanguage":"ro-RO","@id":"https:\/\/deceramicastudio.com\/collections\/cupola\/#primaryimage","url":"https:\/\/deceramicastudio.com\/wp-content\/uploads\/2020\/10\/cupola-jar-scaled.jpg","contentUrl":"https:\/\/deceramicastudio.com\/wp-content\/uploads\/2020\/10\/cupola-jar-scaled.jpg"},{"@type":"BreadcrumbList","@id":"https:\/\/deceramicastudio.com\/collections\/cupola\/#breadcrumb","itemListElement":[{"@type":"ListItem","position":1,"name":"Home","item":"https:\/\/deceramicastudio.com\/"},{"@type":"ListItem","position":2,"name":"COLLECTIONS","item":"https:\/\/deceramicastudio.com\/collections\/"},{"@type":"ListItem","position":3,"name":"Cupola"}]},{"@type":"WebSite","@id":"https:\/\/deceramicastudio.com\/#website","url":"https:\/\/deceramicastudio.com\/","name":"DE CERAMIC\u0102","description":"handcrafted ceramics","publisher":{"@id":"https:\/\/deceramicastudio.com\/#organization"},"potentialAction":[{"@type":"SearchAction","target":{"@type":"EntryPoint","urlTemplate":"https:\/\/deceramicastudio.com\/?s={search_term_string}"},"query-input":{"@type":"PropertyValueSpecification","valueRequired":true,"valueName":"search_term_string"}}],"inLanguage":"ro-RO"},{"@type":"Organization","@id":"https:\/\/deceramicastudio.com\/#organization","name":"De Ceramic\u0103","url":"https:\/\/deceramicastudio.com\/","logo":{"@type":"ImageObject","inLanguage":"ro-RO","@id":"https:\/\/deceramicastudio.com\/#\/schema\/logo\/image\/","url":"https:\/\/deceramicastudio.com\/wp-content\/uploads\/2020\/12\/Logo-gri-mic-DeCeramica.png","contentUrl":"https:\/\/deceramicastudio.com\/wp-content\/uploads\/2020\/12\/Logo-gri-mic-DeCeramica.png","width":251,"height":49,"caption":"De Ceramic\u0103"},"image":{"@id":"https:\/\/deceramicastudio.com\/#\/schema\/logo\/image\/"},"sameAs":["https:\/\/www.facebook.com\/DeCeramicaMadalinaTeler","https:\/\/www.instagram.com\/de.ceramica\/"]}]}},"jetpack_sharing_enabled":true,"_links":{"self":[{"href":"https:\/\/deceramicastudio.com\/ro\/wp-json\/wp\/v2\/pages\/2242","targetHints":{"allow":["GET"]}}],"collection":[{"href":"https:\/\/deceramicastudio.com\/ro\/wp-json\/wp\/v2\/pages"}],"about":[{"href":"https:\/\/deceramicastudio.com\/ro\/wp-json\/wp\/v2\/types\/page"}],"author":[{"embeddable":true,"href":"https:\/\/deceramicastudio.com\/ro\/wp-json\/wp\/v2\/users\/3"}],"replies":[{"embeddable":true,"href":"https:\/\/deceramicastudio.com\/ro\/wp-json\/wp\/v2\/comments?post=2242"}],"version-history":[{"count":10,"href":"https:\/\/deceramicastudio.com\/ro\/wp-json\/wp\/v2\/pages\/2242\/revisions"}],"predecessor-version":[{"id":6089,"href":"https:\/\/deceramicastudio.com\/ro\/wp-json\/wp\/v2\/pages\/2242\/revisions\/6089"}],"up":[{"embeddable":true,"href":"https:\/\/deceramicastudio.com\/ro\/wp-json\/wp\/v2\/pages\/1101"}],"wp:attachment":[{"href":"https:\/\/deceramicastudio.com\/ro\/wp-json\/wp\/v2\/media?parent=2242"}],"curies":[{"name":"wp","href":"https:\/\/api.w.org\/{rel}","templated":true}]}}