{"id":4460,"date":"2020-12-09T19:31:07","date_gmt":"2020-12-09T17:31:07","guid":{"rendered":"https:\/\/deceramicastudio.com\/?post_type=product&#038;p=4460"},"modified":"2026-03-01T14:19:14","modified_gmt":"2026-03-01T12:19:14","slug":"bud-vase","status":"publish","type":"product","link":"https:\/\/deceramicastudio.com\/ro\/shop\/bud-vase\/","title":{"rendered":"Vaza Bud"},"content":{"rendered":"<p style=\"text-align: center;\">Delicate bud shaped vase made of porcelain.<\/p>\n<p style=\"text-align: center;\">Ceramica ia timp \u0219i dureaz\u0103 pentru totdeauna<\/p>","protected":false},"excerpt":{"rendered":"<p>Realizat\u0103 din por\u021belan, aceast\u0103 mic\u0103 vaz\u0103 in forma de mugur este realizat\u0103 manual cu aten\u021bie, folosind tehnica de turnare in matrita. Este acoperita in interior \u0219i par\u021bial \u00een exterior cu glazur\u0103 transparent\u0103 lucioas\u0103.<\/p>\n<p>Dublu arse la 900\u00b0C \u0219i la 1250\u00b0C<br \/>\nMateriale: por\u021belan, glazura<br \/>\nDimensiuni: H 6cm \/ \u2205 7cm<\/p>\n<p data-start=\"135\" data-end=\"436\"><strong data-start=\"846\" data-end=\"898\">Momentan indisponibil\u0103, dar disponibil\u0103 pe comand\u0103<\/strong><br data-start=\"898\" data-end=\"901\" \/>Acest produs nu se afl\u0103 \u00een stoc \u00een acest moment, \u00eens\u0103 poate fi realizat special pentru tine.<br data-start=\"982\" data-end=\"985\" \/>Timpul de produc\u021bie este de aproximativ\u00a0<strong data-start=\"1018\" data-end=\"1029\">4 saptamani<\/strong>\u00a0de la confirmarea comenzii.<\/p>\n<p data-start=\"650\" data-end=\"713\">Pentru plasarea unei comenzi sau pentru mai multe informa\u021bii, te rug\u0103m s\u0103 ne contactezi.<\/p>","protected":false},"featured_media":6843,"template":"","meta":{"novablocks_hero_scroll_indicator":false,"novablocks_hero_position_indicators":false},"product_brand":[],"product_cat":[40],"product_tag":[62,52,70],"class_list":{"0":"post-4460","1":"product","2":"type-product","3":"status-publish","4":"has-post-thumbnail","6":"product_cat-view","7":"product_tag-porcelain","8":"product_tag-simply-simple","9":"product_tag-vases","11":"first","12":"outofstock","13":"purchasable","14":"product-type-simple"},"yoast_head":"<!-- This site is optimized with the Yoast SEO plugin v27.4 - https:\/\/yoast.com\/product\/yoast-seo-wordpress\/ -->\n<title>Bud Vase - DE CERAMIC\u0102<\/title>\n<meta name=\"description\" content=\"Delicate bud shaped vase made of porcelain.Ceramics Take Time &amp; Last Forever\" \/>\n<meta name=\"robots\" content=\"index, follow, max-snippet:-1, max-image-preview:large, max-video-preview:-1\" \/>\n<link rel=\"canonical\" href=\"https:\/\/deceramicastudio.com\/ro\/shop\/bud-vase\/\" \/>\n<meta property=\"og:locale\" content=\"ro_RO\" \/>\n<meta property=\"og:type\" content=\"article\" \/>\n<meta property=\"og:title\" content=\"Bud Vase - DE CERAMIC\u0102\" \/>\n<meta property=\"og:description\" content=\"Delicate bud shaped vase made of porcelain.Ceramics Take Time &amp; Last Forever\" \/>\n<meta property=\"og:url\" content=\"https:\/\/deceramicastudio.com\/ro\/shop\/bud-vase\/\" \/>\n<meta property=\"og:site_name\" content=\"DE CERAMIC\u0102\" \/>\n<meta property=\"article:publisher\" content=\"https:\/\/www.facebook.com\/DeCeramicaMadalinaTeler\" \/>\n<meta property=\"article:modified_time\" content=\"2026-03-01T12:19:14+00:00\" \/>\n<meta property=\"og:image\" content=\"https:\/\/deceramicastudio.com\/wp-content\/uploads\/2021\/12\/white-bud-vase-redo.jpg\" \/>\n\t<meta property=\"og:image:width\" content=\"1240\" \/>\n\t<meta property=\"og:image:height\" content=\"1127\" \/>\n\t<meta property=\"og:image:type\" content=\"image\/jpeg\" \/>\n<meta name=\"twitter:card\" content=\"summary_large_image\" \/>\n<meta name=\"twitter:label1\" content=\"Timp estimat pentru citire\" \/>\n\t<meta name=\"twitter:data1\" content=\"1 minut\" \/>\n<script type=\"application\/ld+json\" class=\"yoast-schema-graph\">{\"@context\":\"https:\\\/\\\/schema.org\",\"@graph\":[{\"@type\":\"WebPage\",\"@id\":\"https:\\\/\\\/deceramicastudio.com\\\/shop\\\/bud-vase\\\/\",\"url\":\"https:\\\/\\\/deceramicastudio.com\\\/shop\\\/bud-vase\\\/\",\"name\":\"Bud Vase - DE CERAMIC\u0102\",\"isPartOf\":{\"@id\":\"https:\\\/\\\/deceramicastudio.com\\\/#website\"},\"primaryImageOfPage\":{\"@id\":\"https:\\\/\\\/deceramicastudio.com\\\/shop\\\/bud-vase\\\/#primaryimage\"},\"image\":{\"@id\":\"https:\\\/\\\/deceramicastudio.com\\\/shop\\\/bud-vase\\\/#primaryimage\"},\"thumbnailUrl\":\"https:\\\/\\\/deceramicastudio.com\\\/wp-content\\\/uploads\\\/2021\\\/12\\\/white-bud-vase-redo.jpg\",\"datePublished\":\"2020-12-09T17:31:07+00:00\",\"dateModified\":\"2026-03-01T12:19:14+00:00\",\"description\":\"Delicate bud shaped vase made of porcelain.Ceramics Take Time & Last Forever\",\"breadcrumb\":{\"@id\":\"https:\\\/\\\/deceramicastudio.com\\\/shop\\\/bud-vase\\\/#breadcrumb\"},\"inLanguage\":\"ro-RO\",\"potentialAction\":[{\"@type\":\"ReadAction\",\"target\":[\"https:\\\/\\\/deceramicastudio.com\\\/shop\\\/bud-vase\\\/\"]}]},{\"@type\":\"ImageObject\",\"inLanguage\":\"ro-RO\",\"@id\":\"https:\\\/\\\/deceramicastudio.com\\\/shop\\\/bud-vase\\\/#primaryimage\",\"url\":\"https:\\\/\\\/deceramicastudio.com\\\/wp-content\\\/uploads\\\/2021\\\/12\\\/white-bud-vase-redo.jpg\",\"contentUrl\":\"https:\\\/\\\/deceramicastudio.com\\\/wp-content\\\/uploads\\\/2021\\\/12\\\/white-bud-vase-redo.jpg\",\"width\":1240,\"height\":1127},{\"@type\":\"BreadcrumbList\",\"@id\":\"https:\\\/\\\/deceramicastudio.com\\\/shop\\\/bud-vase\\\/#breadcrumb\",\"itemListElement\":[{\"@type\":\"ListItem\",\"position\":1,\"name\":\"Home\",\"item\":\"https:\\\/\\\/deceramicastudio.com\\\/\"},{\"@type\":\"ListItem\",\"position\":2,\"name\":\"SHOP\",\"item\":\"https:\\\/\\\/deceramicastudio.com\\\/shop\\\/\"},{\"@type\":\"ListItem\",\"position\":3,\"name\":\"Bud Vase\"}]},{\"@type\":\"WebSite\",\"@id\":\"https:\\\/\\\/deceramicastudio.com\\\/#website\",\"url\":\"https:\\\/\\\/deceramicastudio.com\\\/\",\"name\":\"DE CERAMIC\u0102\",\"description\":\"handcrafted ceramics\",\"publisher\":{\"@id\":\"https:\\\/\\\/deceramicastudio.com\\\/#organization\"},\"potentialAction\":[{\"@type\":\"SearchAction\",\"target\":{\"@type\":\"EntryPoint\",\"urlTemplate\":\"https:\\\/\\\/deceramicastudio.com\\\/?s={search_term_string}\"},\"query-input\":{\"@type\":\"PropertyValueSpecification\",\"valueRequired\":true,\"valueName\":\"search_term_string\"}}],\"inLanguage\":\"ro-RO\"},{\"@type\":\"Organization\",\"@id\":\"https:\\\/\\\/deceramicastudio.com\\\/#organization\",\"name\":\"De Ceramic\u0103\",\"url\":\"https:\\\/\\\/deceramicastudio.com\\\/\",\"logo\":{\"@type\":\"ImageObject\",\"inLanguage\":\"ro-RO\",\"@id\":\"https:\\\/\\\/deceramicastudio.com\\\/#\\\/schema\\\/logo\\\/image\\\/\",\"url\":\"https:\\\/\\\/deceramicastudio.com\\\/wp-content\\\/uploads\\\/2020\\\/12\\\/Logo-gri-mic-DeCeramica.png\",\"contentUrl\":\"https:\\\/\\\/deceramicastudio.com\\\/wp-content\\\/uploads\\\/2020\\\/12\\\/Logo-gri-mic-DeCeramica.png\",\"width\":251,\"height\":49,\"caption\":\"De Ceramic\u0103\"},\"image\":{\"@id\":\"https:\\\/\\\/deceramicastudio.com\\\/#\\\/schema\\\/logo\\\/image\\\/\"},\"sameAs\":[\"https:\\\/\\\/www.facebook.com\\\/DeCeramicaMadalinaTeler\",\"https:\\\/\\\/www.instagram.com\\\/de.ceramica\\\/\"]}]}<\/script>\n<!-- \/ Yoast SEO plugin. -->","yoast_head_json":{"title":"Bud Vase - DE CERAMIC\u0102","description":"Delicate bud shaped vase made of porcelain.Ceramics Take Time & Last Forever","robots":{"index":"index","follow":"follow","max-snippet":"max-snippet:-1","max-image-preview":"max-image-preview:large","max-video-preview":"max-video-preview:-1"},"canonical":"https:\/\/deceramicastudio.com\/ro\/shop\/bud-vase\/","og_locale":"ro_RO","og_type":"article","og_title":"Bud Vase - DE CERAMIC\u0102","og_description":"Delicate bud shaped vase made of porcelain.Ceramics Take Time & Last Forever","og_url":"https:\/\/deceramicastudio.com\/ro\/shop\/bud-vase\/","og_site_name":"DE CERAMIC\u0102","article_publisher":"https:\/\/www.facebook.com\/DeCeramicaMadalinaTeler","article_modified_time":"2026-03-01T12:19:14+00:00","og_image":[{"width":1240,"height":1127,"url":"https:\/\/deceramicastudio.com\/wp-content\/uploads\/2021\/12\/white-bud-vase-redo.jpg","type":"image\/jpeg"}],"twitter_card":"summary_large_image","twitter_misc":{"Timp estimat pentru citire":"1 minut"},"schema":{"@context":"https:\/\/schema.org","@graph":[{"@type":"WebPage","@id":"https:\/\/deceramicastudio.com\/shop\/bud-vase\/","url":"https:\/\/deceramicastudio.com\/shop\/bud-vase\/","name":"Bud Vase - DE CERAMIC\u0102","isPartOf":{"@id":"https:\/\/deceramicastudio.com\/#website"},"primaryImageOfPage":{"@id":"https:\/\/deceramicastudio.com\/shop\/bud-vase\/#primaryimage"},"image":{"@id":"https:\/\/deceramicastudio.com\/shop\/bud-vase\/#primaryimage"},"thumbnailUrl":"https:\/\/deceramicastudio.com\/wp-content\/uploads\/2021\/12\/white-bud-vase-redo.jpg","datePublished":"2020-12-09T17:31:07+00:00","dateModified":"2026-03-01T12:19:14+00:00","description":"Delicate bud shaped vase made of porcelain.Ceramics Take Time & Last Forever","breadcrumb":{"@id":"https:\/\/deceramicastudio.com\/shop\/bud-vase\/#breadcrumb"},"inLanguage":"ro-RO","potentialAction":[{"@type":"ReadAction","target":["https:\/\/deceramicastudio.com\/shop\/bud-vase\/"]}]},{"@type":"ImageObject","inLanguage":"ro-RO","@id":"https:\/\/deceramicastudio.com\/shop\/bud-vase\/#primaryimage","url":"https:\/\/deceramicastudio.com\/wp-content\/uploads\/2021\/12\/white-bud-vase-redo.jpg","contentUrl":"https:\/\/deceramicastudio.com\/wp-content\/uploads\/2021\/12\/white-bud-vase-redo.jpg","width":1240,"height":1127},{"@type":"BreadcrumbList","@id":"https:\/\/deceramicastudio.com\/shop\/bud-vase\/#breadcrumb","itemListElement":[{"@type":"ListItem","position":1,"name":"Home","item":"https:\/\/deceramicastudio.com\/"},{"@type":"ListItem","position":2,"name":"SHOP","item":"https:\/\/deceramicastudio.com\/shop\/"},{"@type":"ListItem","position":3,"name":"Bud Vase"}]},{"@type":"WebSite","@id":"https:\/\/deceramicastudio.com\/#website","url":"https:\/\/deceramicastudio.com\/","name":"DE CERAMIC\u0102","description":"handcrafted ceramics","publisher":{"@id":"https:\/\/deceramicastudio.com\/#organization"},"potentialAction":[{"@type":"SearchAction","target":{"@type":"EntryPoint","urlTemplate":"https:\/\/deceramicastudio.com\/?s={search_term_string}"},"query-input":{"@type":"PropertyValueSpecification","valueRequired":true,"valueName":"search_term_string"}}],"inLanguage":"ro-RO"},{"@type":"Organization","@id":"https:\/\/deceramicastudio.com\/#organization","name":"De Ceramic\u0103","url":"https:\/\/deceramicastudio.com\/","logo":{"@type":"ImageObject","inLanguage":"ro-RO","@id":"https:\/\/deceramicastudio.com\/#\/schema\/logo\/image\/","url":"https:\/\/deceramicastudio.com\/wp-content\/uploads\/2020\/12\/Logo-gri-mic-DeCeramica.png","contentUrl":"https:\/\/deceramicastudio.com\/wp-content\/uploads\/2020\/12\/Logo-gri-mic-DeCeramica.png","width":251,"height":49,"caption":"De Ceramic\u0103"},"image":{"@id":"https:\/\/deceramicastudio.com\/#\/schema\/logo\/image\/"},"sameAs":["https:\/\/www.facebook.com\/DeCeramicaMadalinaTeler","https:\/\/www.instagram.com\/de.ceramica\/"]}]}},"jetpack_sharing_enabled":true,"_links":{"self":[{"href":"https:\/\/deceramicastudio.com\/ro\/wp-json\/wp\/v2\/product\/4460","targetHints":{"allow":["GET"]}}],"collection":[{"href":"https:\/\/deceramicastudio.com\/ro\/wp-json\/wp\/v2\/product"}],"about":[{"href":"https:\/\/deceramicastudio.com\/ro\/wp-json\/wp\/v2\/types\/product"}],"wp:featuredmedia":[{"embeddable":true,"href":"https:\/\/deceramicastudio.com\/ro\/wp-json\/wp\/v2\/media\/6843"}],"wp:attachment":[{"href":"https:\/\/deceramicastudio.com\/ro\/wp-json\/wp\/v2\/media?parent=4460"}],"wp:term":[{"taxonomy":"product_brand","embeddable":true,"href":"https:\/\/deceramicastudio.com\/ro\/wp-json\/wp\/v2\/product_brand?post=4460"},{"taxonomy":"product_cat","embeddable":true,"href":"https:\/\/deceramicastudio.com\/ro\/wp-json\/wp\/v2\/product_cat?post=4460"},{"taxonomy":"product_tag","embeddable":true,"href":"https:\/\/deceramicastudio.com\/ro\/wp-json\/wp\/v2\/product_tag?post=4460"}],"curies":[{"name":"wp","href":"https:\/\/api.w.org\/{rel}","templated":true}]}}