{"id":8542,"date":"2023-04-10T19:08:36","date_gmt":"2023-04-10T16:08:36","guid":{"rendered":"https:\/\/deceramicastudio.com\/?post_type=product&#038;p=8542"},"modified":"2025-11-29T11:51:47","modified_gmt":"2025-11-29T09:51:47","slug":"contemporary-ceramic-house-number","status":"publish","type":"product","link":"https:\/\/deceramicastudio.com\/ro\/shop\/contemporary-ceramic-house-number\/","title":{"rendered":"Num\u0103r de cas\u0103 din ceramic\u0103 in stil contemporan"},"content":{"rendered":"<blockquote>\n<p style=\"text-align: center;\">Num\u0103r personalizat din ceramic\u0103 din pl\u0103ci modulare. Num\u0103rul dvs. de cas\u0103 va fi personalizat exact \u00een func\u021bie de cerin\u021bele dvs. Contemporan, simplu \u0219i elegant.<\/p>\n<\/blockquote>\n<p style=\"text-align: center;\">Un mic exemplu despre cum arat\u0103 primul num\u0103r de cas\u0103 creat, propriul nostru, @<a href=\"https:\/\/www.google.com\/maps\/place\/De+Ceramic%C4%83\/@44.4414718,26.0788493,3a,75y,90t\/data=!3m8!1e2!3m6!1sAF1QipOf6Yb6l390U6xNTMY6ShESNjqpxlXBxWmE62y4!2e10!3e12!6shttps:%2F%2Flh5.googleusercontent.com%2Fp%2FAF1QipOf6Yb6l390U6xNTMY6ShESNjqpxlXBxWmE62y4%3Dw203-h184-k-no!7i900!8i817!4m9!3m8!1s0x40b1ff8b0b42054b:0x7243488d0f6dcefd!8m2!3d44.4414987!4d26.0789401!10e5!14m1!1BCgIgAQ!16s%2Fg%2F11kghj000x\">Atelierul De Ceramica<\/a><\/p>","protected":false},"excerpt":{"rendered":"<p>Num\u0103r de cas\u0103 din ceramic\u0103 customizat, realizat din module din por\u021belan \u0219i gresie. Fiecare plac\u0103 este realizat\u0103 manual cu aten\u021bie \u0219i textul este scris de m\u00e2n\u0103 \u00een culoarea aleas\u0103. Acoperit, dac\u0103 se prefer\u0103, cu glazur\u0103 transparent\u0103 lucioas\u0103 pe ambele module, iar spatele este l\u0103sat nesm\u0103l\u021buit, potrivit pentru aplicarea adezivului pentru faian\u021b\u0103.<\/p>\n<p>C\u00e2nd comanda\u021bi, l\u0103sa\u021bi-ne un mesaj cu textul dvs. \u0219i \u00eel vom personaliza conform cerin\u021belor dvs.<\/p>\n<p>Dimensiune: H 13cm \/ L 8.5cm<\/p>","protected":false},"featured_media":8545,"template":"","meta":{"novablocks_hero_scroll_indicator":false,"novablocks_hero_position_indicators":false},"product_brand":[],"product_cat":[40],"product_tag":[87,88,62,63],"class_list":{"0":"post-8542","1":"product","2":"type-product","3":"status-publish","4":"has-post-thumbnail","6":"product_cat-view","7":"product_tag-custom","8":"product_tag-house-number","9":"product_tag-porcelain","10":"product_tag-stoneware","12":"first","13":"instock","14":"shipping-taxable","15":"purchasable","16":"product-type-simple"},"yoast_head":"<!-- This site is optimized with the Yoast SEO plugin v27.3 - https:\/\/yoast.com\/product\/yoast-seo-wordpress\/ -->\n<title>Contemporary Ceramic House Number - DE CERAMIC\u0102<\/title>\n<meta name=\"description\" content=\"Contemporary Ceramic House Number. Made of Modular Porcelain and Stoneware Tiles, your house number will be personalized to your exact requirements.\" \/>\n<meta name=\"robots\" content=\"index, follow, max-snippet:-1, max-image-preview:large, max-video-preview:-1\" \/>\n<link rel=\"canonical\" href=\"https:\/\/deceramicastudio.com\/ro\/shop\/contemporary-ceramic-house-number\/\" \/>\n<meta property=\"og:locale\" content=\"ro_RO\" \/>\n<meta property=\"og:type\" content=\"article\" \/>\n<meta property=\"og:title\" content=\"Contemporary Ceramic House Number - DE CERAMIC\u0102\" \/>\n<meta property=\"og:description\" content=\"Contemporary Ceramic House Number. Made of Modular Porcelain and Stoneware Tiles, your house number will be personalized to your exact requirements.\" \/>\n<meta property=\"og:url\" content=\"https:\/\/deceramicastudio.com\/ro\/shop\/contemporary-ceramic-house-number\/\" \/>\n<meta property=\"og:site_name\" content=\"DE CERAMIC\u0102\" \/>\n<meta property=\"article:publisher\" content=\"https:\/\/www.facebook.com\/DeCeramicaMadalinaTeler\" \/>\n<meta property=\"article:modified_time\" content=\"2025-11-29T09:51:47+00:00\" \/>\n<meta property=\"og:image\" content=\"https:\/\/deceramicastudio.com\/wp-content\/uploads\/2023\/04\/ceramic-tile-custom-house-number-5.jpg\" \/>\n\t<meta property=\"og:image:width\" content=\"900\" \/>\n\t<meta property=\"og:image:height\" content=\"817\" \/>\n\t<meta property=\"og:image:type\" content=\"image\/jpeg\" \/>\n<meta name=\"twitter:card\" content=\"summary_large_image\" \/>\n<meta name=\"twitter:label1\" content=\"Timp estimat pentru citire\" \/>\n\t<meta name=\"twitter:data1\" content=\"1 minut\" \/>\n<script type=\"application\/ld+json\" class=\"yoast-schema-graph\">{\"@context\":\"https:\\\/\\\/schema.org\",\"@graph\":[{\"@type\":\"WebPage\",\"@id\":\"https:\\\/\\\/deceramicastudio.com\\\/shop\\\/contemporary-ceramic-house-number\\\/\",\"url\":\"https:\\\/\\\/deceramicastudio.com\\\/shop\\\/contemporary-ceramic-house-number\\\/\",\"name\":\"Contemporary Ceramic House Number - DE CERAMIC\u0102\",\"isPartOf\":{\"@id\":\"https:\\\/\\\/deceramicastudio.com\\\/#website\"},\"primaryImageOfPage\":{\"@id\":\"https:\\\/\\\/deceramicastudio.com\\\/shop\\\/contemporary-ceramic-house-number\\\/#primaryimage\"},\"image\":{\"@id\":\"https:\\\/\\\/deceramicastudio.com\\\/shop\\\/contemporary-ceramic-house-number\\\/#primaryimage\"},\"thumbnailUrl\":\"https:\\\/\\\/deceramicastudio.com\\\/wp-content\\\/uploads\\\/2023\\\/04\\\/ceramic-tile-custom-house-number-5.jpg\",\"datePublished\":\"2023-04-10T16:08:36+00:00\",\"dateModified\":\"2025-11-29T09:51:47+00:00\",\"description\":\"Contemporary Ceramic House Number. Made of Modular Porcelain and Stoneware Tiles, your house number will be personalized to your exact requirements.\",\"breadcrumb\":{\"@id\":\"https:\\\/\\\/deceramicastudio.com\\\/shop\\\/contemporary-ceramic-house-number\\\/#breadcrumb\"},\"inLanguage\":\"ro-RO\",\"potentialAction\":[{\"@type\":\"ReadAction\",\"target\":[\"https:\\\/\\\/deceramicastudio.com\\\/shop\\\/contemporary-ceramic-house-number\\\/\"]}]},{\"@type\":\"ImageObject\",\"inLanguage\":\"ro-RO\",\"@id\":\"https:\\\/\\\/deceramicastudio.com\\\/shop\\\/contemporary-ceramic-house-number\\\/#primaryimage\",\"url\":\"https:\\\/\\\/deceramicastudio.com\\\/wp-content\\\/uploads\\\/2023\\\/04\\\/ceramic-tile-custom-house-number-5.jpg\",\"contentUrl\":\"https:\\\/\\\/deceramicastudio.com\\\/wp-content\\\/uploads\\\/2023\\\/04\\\/ceramic-tile-custom-house-number-5.jpg\",\"width\":900,\"height\":817},{\"@type\":\"BreadcrumbList\",\"@id\":\"https:\\\/\\\/deceramicastudio.com\\\/shop\\\/contemporary-ceramic-house-number\\\/#breadcrumb\",\"itemListElement\":[{\"@type\":\"ListItem\",\"position\":1,\"name\":\"Home\",\"item\":\"https:\\\/\\\/deceramicastudio.com\\\/\"},{\"@type\":\"ListItem\",\"position\":2,\"name\":\"SHOP\",\"item\":\"https:\\\/\\\/deceramicastudio.com\\\/shop\\\/\"},{\"@type\":\"ListItem\",\"position\":3,\"name\":\"Contemporary Ceramic House Number\"}]},{\"@type\":\"WebSite\",\"@id\":\"https:\\\/\\\/deceramicastudio.com\\\/#website\",\"url\":\"https:\\\/\\\/deceramicastudio.com\\\/\",\"name\":\"DE CERAMIC\u0102\",\"description\":\"handcrafted ceramics\",\"publisher\":{\"@id\":\"https:\\\/\\\/deceramicastudio.com\\\/#organization\"},\"potentialAction\":[{\"@type\":\"SearchAction\",\"target\":{\"@type\":\"EntryPoint\",\"urlTemplate\":\"https:\\\/\\\/deceramicastudio.com\\\/?s={search_term_string}\"},\"query-input\":{\"@type\":\"PropertyValueSpecification\",\"valueRequired\":true,\"valueName\":\"search_term_string\"}}],\"inLanguage\":\"ro-RO\"},{\"@type\":\"Organization\",\"@id\":\"https:\\\/\\\/deceramicastudio.com\\\/#organization\",\"name\":\"De Ceramic\u0103\",\"url\":\"https:\\\/\\\/deceramicastudio.com\\\/\",\"logo\":{\"@type\":\"ImageObject\",\"inLanguage\":\"ro-RO\",\"@id\":\"https:\\\/\\\/deceramicastudio.com\\\/#\\\/schema\\\/logo\\\/image\\\/\",\"url\":\"https:\\\/\\\/deceramicastudio.com\\\/wp-content\\\/uploads\\\/2020\\\/12\\\/Logo-gri-mic-DeCeramica.png\",\"contentUrl\":\"https:\\\/\\\/deceramicastudio.com\\\/wp-content\\\/uploads\\\/2020\\\/12\\\/Logo-gri-mic-DeCeramica.png\",\"width\":251,\"height\":49,\"caption\":\"De Ceramic\u0103\"},\"image\":{\"@id\":\"https:\\\/\\\/deceramicastudio.com\\\/#\\\/schema\\\/logo\\\/image\\\/\"},\"sameAs\":[\"https:\\\/\\\/www.facebook.com\\\/DeCeramicaMadalinaTeler\",\"https:\\\/\\\/www.instagram.com\\\/de.ceramica\\\/\"]}]}<\/script>\n<!-- \/ Yoast SEO plugin. -->","yoast_head_json":{"title":"Contemporary Ceramic House Number - DE CERAMIC\u0102","description":"Contemporary Ceramic House Number. Made of Modular Porcelain and Stoneware Tiles, your house number will be personalized to your exact requirements.","robots":{"index":"index","follow":"follow","max-snippet":"max-snippet:-1","max-image-preview":"max-image-preview:large","max-video-preview":"max-video-preview:-1"},"canonical":"https:\/\/deceramicastudio.com\/ro\/shop\/contemporary-ceramic-house-number\/","og_locale":"ro_RO","og_type":"article","og_title":"Contemporary Ceramic House Number - DE CERAMIC\u0102","og_description":"Contemporary Ceramic House Number. Made of Modular Porcelain and Stoneware Tiles, your house number will be personalized to your exact requirements.","og_url":"https:\/\/deceramicastudio.com\/ro\/shop\/contemporary-ceramic-house-number\/","og_site_name":"DE CERAMIC\u0102","article_publisher":"https:\/\/www.facebook.com\/DeCeramicaMadalinaTeler","article_modified_time":"2025-11-29T09:51:47+00:00","og_image":[{"width":900,"height":817,"url":"https:\/\/deceramicastudio.com\/wp-content\/uploads\/2023\/04\/ceramic-tile-custom-house-number-5.jpg","type":"image\/jpeg"}],"twitter_card":"summary_large_image","twitter_misc":{"Timp estimat pentru citire":"1 minut"},"schema":{"@context":"https:\/\/schema.org","@graph":[{"@type":"WebPage","@id":"https:\/\/deceramicastudio.com\/shop\/contemporary-ceramic-house-number\/","url":"https:\/\/deceramicastudio.com\/shop\/contemporary-ceramic-house-number\/","name":"Contemporary Ceramic House Number - DE CERAMIC\u0102","isPartOf":{"@id":"https:\/\/deceramicastudio.com\/#website"},"primaryImageOfPage":{"@id":"https:\/\/deceramicastudio.com\/shop\/contemporary-ceramic-house-number\/#primaryimage"},"image":{"@id":"https:\/\/deceramicastudio.com\/shop\/contemporary-ceramic-house-number\/#primaryimage"},"thumbnailUrl":"https:\/\/deceramicastudio.com\/wp-content\/uploads\/2023\/04\/ceramic-tile-custom-house-number-5.jpg","datePublished":"2023-04-10T16:08:36+00:00","dateModified":"2025-11-29T09:51:47+00:00","description":"Contemporary Ceramic House Number. Made of Modular Porcelain and Stoneware Tiles, your house number will be personalized to your exact requirements.","breadcrumb":{"@id":"https:\/\/deceramicastudio.com\/shop\/contemporary-ceramic-house-number\/#breadcrumb"},"inLanguage":"ro-RO","potentialAction":[{"@type":"ReadAction","target":["https:\/\/deceramicastudio.com\/shop\/contemporary-ceramic-house-number\/"]}]},{"@type":"ImageObject","inLanguage":"ro-RO","@id":"https:\/\/deceramicastudio.com\/shop\/contemporary-ceramic-house-number\/#primaryimage","url":"https:\/\/deceramicastudio.com\/wp-content\/uploads\/2023\/04\/ceramic-tile-custom-house-number-5.jpg","contentUrl":"https:\/\/deceramicastudio.com\/wp-content\/uploads\/2023\/04\/ceramic-tile-custom-house-number-5.jpg","width":900,"height":817},{"@type":"BreadcrumbList","@id":"https:\/\/deceramicastudio.com\/shop\/contemporary-ceramic-house-number\/#breadcrumb","itemListElement":[{"@type":"ListItem","position":1,"name":"Home","item":"https:\/\/deceramicastudio.com\/"},{"@type":"ListItem","position":2,"name":"SHOP","item":"https:\/\/deceramicastudio.com\/shop\/"},{"@type":"ListItem","position":3,"name":"Contemporary Ceramic House Number"}]},{"@type":"WebSite","@id":"https:\/\/deceramicastudio.com\/#website","url":"https:\/\/deceramicastudio.com\/","name":"DE CERAMIC\u0102","description":"handcrafted ceramics","publisher":{"@id":"https:\/\/deceramicastudio.com\/#organization"},"potentialAction":[{"@type":"SearchAction","target":{"@type":"EntryPoint","urlTemplate":"https:\/\/deceramicastudio.com\/?s={search_term_string}"},"query-input":{"@type":"PropertyValueSpecification","valueRequired":true,"valueName":"search_term_string"}}],"inLanguage":"ro-RO"},{"@type":"Organization","@id":"https:\/\/deceramicastudio.com\/#organization","name":"De Ceramic\u0103","url":"https:\/\/deceramicastudio.com\/","logo":{"@type":"ImageObject","inLanguage":"ro-RO","@id":"https:\/\/deceramicastudio.com\/#\/schema\/logo\/image\/","url":"https:\/\/deceramicastudio.com\/wp-content\/uploads\/2020\/12\/Logo-gri-mic-DeCeramica.png","contentUrl":"https:\/\/deceramicastudio.com\/wp-content\/uploads\/2020\/12\/Logo-gri-mic-DeCeramica.png","width":251,"height":49,"caption":"De Ceramic\u0103"},"image":{"@id":"https:\/\/deceramicastudio.com\/#\/schema\/logo\/image\/"},"sameAs":["https:\/\/www.facebook.com\/DeCeramicaMadalinaTeler","https:\/\/www.instagram.com\/de.ceramica\/"]}]}},"jetpack_sharing_enabled":true,"_links":{"self":[{"href":"https:\/\/deceramicastudio.com\/ro\/wp-json\/wp\/v2\/product\/8542","targetHints":{"allow":["GET"]}}],"collection":[{"href":"https:\/\/deceramicastudio.com\/ro\/wp-json\/wp\/v2\/product"}],"about":[{"href":"https:\/\/deceramicastudio.com\/ro\/wp-json\/wp\/v2\/types\/product"}],"wp:featuredmedia":[{"embeddable":true,"href":"https:\/\/deceramicastudio.com\/ro\/wp-json\/wp\/v2\/media\/8545"}],"wp:attachment":[{"href":"https:\/\/deceramicastudio.com\/ro\/wp-json\/wp\/v2\/media?parent=8542"}],"wp:term":[{"taxonomy":"product_brand","embeddable":true,"href":"https:\/\/deceramicastudio.com\/ro\/wp-json\/wp\/v2\/product_brand?post=8542"},{"taxonomy":"product_cat","embeddable":true,"href":"https:\/\/deceramicastudio.com\/ro\/wp-json\/wp\/v2\/product_cat?post=8542"},{"taxonomy":"product_tag","embeddable":true,"href":"https:\/\/deceramicastudio.com\/ro\/wp-json\/wp\/v2\/product_tag?post=8542"}],"curies":[{"name":"wp","href":"https:\/\/api.w.org\/{rel}","templated":true}]}}