{"id":9374,"date":"2023-11-26T21:39:52","date_gmt":"2023-11-26T19:39:52","guid":{"rendered":"https:\/\/deceramicastudio.com\/?post_type=product&#038;p=9374"},"modified":"2026-03-01T14:03:00","modified_gmt":"2026-03-01T12:03:00","slug":"espresso-cup-3","status":"publish","type":"product","link":"https:\/\/deceramicastudio.com\/ro\/shop\/espresso-cup-3\/","title":{"rendered":"Pahar Espresso"},"content":{"rendered":"<p style=\"text-align: center;\">Perfect little cup for big coffee lovers<\/p>","protected":false},"excerpt":{"rendered":"<p>Made of green colored porcelain and stoneware, this small espresso cup is carefully hand crafted using the slip casting technique. It has cobalt blue speckles in the material and is coated inside with glossy transparent glaze while the outside is left matte.<\/p>\n<p>Dublu arse la 900\u00b0C \u0219i la 1250\u00b0C<br \/>\nMateriale: por\u021belan, gresie, pigmenti ceramici, glazura<br \/>\nDimensiuni: H 6,5cm \/ \u2205 5,5cm \/ aprox. 90 ml<\/p>\n<p>Toate materialele ceramice utilizate sunt non-toxice, sigure pentru alimente \u0219i pot fi sp\u0103late la ma\u0219ina de sp\u0103lat vase.<\/p>\n<p data-start=\"135\" data-end=\"436\"><strong data-start=\"846\" data-end=\"898\">Momentan indisponibil\u0103, dar disponibil\u0103 pe comand\u0103<\/strong><br data-start=\"898\" data-end=\"901\" \/>Acest produs nu se afl\u0103 \u00een stoc \u00een acest moment, \u00eens\u0103 poate fi realizat special pentru tine.<br data-start=\"982\" data-end=\"985\" \/>Timpul de produc\u021bie este de aproximativ\u00a0<strong data-start=\"1018\" data-end=\"1029\">4 saptamani<\/strong>\u00a0de la confirmarea comenzii.<\/p>\n<p data-start=\"650\" data-end=\"713\">Pentru plasarea unei comenzi sau pentru mai multe informa\u021bii, te rug\u0103m s\u0103 ne contactezi.<\/p>","protected":false},"featured_media":9354,"template":"","meta":{"novablocks_hero_scroll_indicator":false,"novablocks_hero_position_indicators":false},"product_brand":[],"product_cat":[38],"product_tag":[67,65,62,52],"class_list":{"0":"post-9374","1":"product","2":"type-product","3":"status-publish","4":"has-post-thumbnail","6":"product_cat-drink","7":"product_tag-cups","8":"product_tag-espresso-cup","9":"product_tag-porcelain","10":"product_tag-simply-simple","12":"first","13":"outofstock","14":"shipping-taxable","15":"purchasable","16":"product-type-simple"},"yoast_head":"<!-- This site is optimized with the Yoast SEO plugin v27.3 - https:\/\/yoast.com\/product\/yoast-seo-wordpress\/ -->\n<title>Espresso Cup - DE CERAMIC\u0102<\/title>\n<meta name=\"description\" content=\"Perfect little cup for big coffee lovers\" \/>\n<meta name=\"robots\" content=\"index, follow, max-snippet:-1, max-image-preview:large, max-video-preview:-1\" \/>\n<link rel=\"canonical\" href=\"https:\/\/deceramicastudio.com\/ro\/shop\/espresso-cup-3\/\" \/>\n<meta property=\"og:locale\" content=\"ro_RO\" \/>\n<meta property=\"og:type\" content=\"article\" \/>\n<meta property=\"og:title\" content=\"Espresso Cup - DE CERAMIC\u0102\" \/>\n<meta property=\"og:description\" content=\"Perfect little cup for big coffee lovers\" \/>\n<meta property=\"og:url\" content=\"https:\/\/deceramicastudio.com\/ro\/shop\/espresso-cup-3\/\" \/>\n<meta property=\"og:site_name\" content=\"DE CERAMIC\u0102\" \/>\n<meta property=\"article:publisher\" content=\"https:\/\/www.facebook.com\/DeCeramicaMadalinaTeler\" \/>\n<meta property=\"article:modified_time\" content=\"2026-03-01T12:03:00+00:00\" \/>\n<meta property=\"og:image\" content=\"https:\/\/deceramicastudio.com\/wp-content\/uploads\/2023\/11\/espresso-cup-4.jpg\" \/>\n\t<meta property=\"og:image:width\" content=\"900\" \/>\n\t<meta property=\"og:image:height\" content=\"817\" \/>\n\t<meta property=\"og:image:type\" content=\"image\/jpeg\" \/>\n<meta name=\"twitter:card\" content=\"summary_large_image\" \/>\n<meta name=\"twitter:label1\" content=\"Timp estimat pentru citire\" \/>\n\t<meta name=\"twitter:data1\" content=\"1 minut\" \/>\n<script type=\"application\/ld+json\" class=\"yoast-schema-graph\">{\"@context\":\"https:\\\/\\\/schema.org\",\"@graph\":[{\"@type\":\"WebPage\",\"@id\":\"https:\\\/\\\/deceramicastudio.com\\\/shop\\\/espresso-cup-3\\\/\",\"url\":\"https:\\\/\\\/deceramicastudio.com\\\/shop\\\/espresso-cup-3\\\/\",\"name\":\"Espresso Cup - DE CERAMIC\u0102\",\"isPartOf\":{\"@id\":\"https:\\\/\\\/deceramicastudio.com\\\/#website\"},\"primaryImageOfPage\":{\"@id\":\"https:\\\/\\\/deceramicastudio.com\\\/shop\\\/espresso-cup-3\\\/#primaryimage\"},\"image\":{\"@id\":\"https:\\\/\\\/deceramicastudio.com\\\/shop\\\/espresso-cup-3\\\/#primaryimage\"},\"thumbnailUrl\":\"https:\\\/\\\/deceramicastudio.com\\\/wp-content\\\/uploads\\\/2023\\\/11\\\/espresso-cup-4.jpg\",\"datePublished\":\"2023-11-26T19:39:52+00:00\",\"dateModified\":\"2026-03-01T12:03:00+00:00\",\"description\":\"Perfect little cup for big coffee lovers\",\"breadcrumb\":{\"@id\":\"https:\\\/\\\/deceramicastudio.com\\\/shop\\\/espresso-cup-3\\\/#breadcrumb\"},\"inLanguage\":\"ro-RO\",\"potentialAction\":[{\"@type\":\"ReadAction\",\"target\":[\"https:\\\/\\\/deceramicastudio.com\\\/shop\\\/espresso-cup-3\\\/\"]}]},{\"@type\":\"ImageObject\",\"inLanguage\":\"ro-RO\",\"@id\":\"https:\\\/\\\/deceramicastudio.com\\\/shop\\\/espresso-cup-3\\\/#primaryimage\",\"url\":\"https:\\\/\\\/deceramicastudio.com\\\/wp-content\\\/uploads\\\/2023\\\/11\\\/espresso-cup-4.jpg\",\"contentUrl\":\"https:\\\/\\\/deceramicastudio.com\\\/wp-content\\\/uploads\\\/2023\\\/11\\\/espresso-cup-4.jpg\",\"width\":900,\"height\":817},{\"@type\":\"BreadcrumbList\",\"@id\":\"https:\\\/\\\/deceramicastudio.com\\\/shop\\\/espresso-cup-3\\\/#breadcrumb\",\"itemListElement\":[{\"@type\":\"ListItem\",\"position\":1,\"name\":\"Home\",\"item\":\"https:\\\/\\\/deceramicastudio.com\\\/\"},{\"@type\":\"ListItem\",\"position\":2,\"name\":\"SHOP\",\"item\":\"https:\\\/\\\/deceramicastudio.com\\\/shop\\\/\"},{\"@type\":\"ListItem\",\"position\":3,\"name\":\"Espresso Cup\"}]},{\"@type\":\"WebSite\",\"@id\":\"https:\\\/\\\/deceramicastudio.com\\\/#website\",\"url\":\"https:\\\/\\\/deceramicastudio.com\\\/\",\"name\":\"DE CERAMIC\u0102\",\"description\":\"handcrafted ceramics\",\"publisher\":{\"@id\":\"https:\\\/\\\/deceramicastudio.com\\\/#organization\"},\"potentialAction\":[{\"@type\":\"SearchAction\",\"target\":{\"@type\":\"EntryPoint\",\"urlTemplate\":\"https:\\\/\\\/deceramicastudio.com\\\/?s={search_term_string}\"},\"query-input\":{\"@type\":\"PropertyValueSpecification\",\"valueRequired\":true,\"valueName\":\"search_term_string\"}}],\"inLanguage\":\"ro-RO\"},{\"@type\":\"Organization\",\"@id\":\"https:\\\/\\\/deceramicastudio.com\\\/#organization\",\"name\":\"De Ceramic\u0103\",\"url\":\"https:\\\/\\\/deceramicastudio.com\\\/\",\"logo\":{\"@type\":\"ImageObject\",\"inLanguage\":\"ro-RO\",\"@id\":\"https:\\\/\\\/deceramicastudio.com\\\/#\\\/schema\\\/logo\\\/image\\\/\",\"url\":\"https:\\\/\\\/deceramicastudio.com\\\/wp-content\\\/uploads\\\/2020\\\/12\\\/Logo-gri-mic-DeCeramica.png\",\"contentUrl\":\"https:\\\/\\\/deceramicastudio.com\\\/wp-content\\\/uploads\\\/2020\\\/12\\\/Logo-gri-mic-DeCeramica.png\",\"width\":251,\"height\":49,\"caption\":\"De Ceramic\u0103\"},\"image\":{\"@id\":\"https:\\\/\\\/deceramicastudio.com\\\/#\\\/schema\\\/logo\\\/image\\\/\"},\"sameAs\":[\"https:\\\/\\\/www.facebook.com\\\/DeCeramicaMadalinaTeler\",\"https:\\\/\\\/www.instagram.com\\\/de.ceramica\\\/\"]}]}<\/script>\n<!-- \/ Yoast SEO plugin. -->","yoast_head_json":{"title":"Espresso Cup - DE CERAMIC\u0102","description":"Perfect little cup for big coffee lovers","robots":{"index":"index","follow":"follow","max-snippet":"max-snippet:-1","max-image-preview":"max-image-preview:large","max-video-preview":"max-video-preview:-1"},"canonical":"https:\/\/deceramicastudio.com\/ro\/shop\/espresso-cup-3\/","og_locale":"ro_RO","og_type":"article","og_title":"Espresso Cup - DE CERAMIC\u0102","og_description":"Perfect little cup for big coffee lovers","og_url":"https:\/\/deceramicastudio.com\/ro\/shop\/espresso-cup-3\/","og_site_name":"DE CERAMIC\u0102","article_publisher":"https:\/\/www.facebook.com\/DeCeramicaMadalinaTeler","article_modified_time":"2026-03-01T12:03:00+00:00","og_image":[{"width":900,"height":817,"url":"https:\/\/deceramicastudio.com\/wp-content\/uploads\/2023\/11\/espresso-cup-4.jpg","type":"image\/jpeg"}],"twitter_card":"summary_large_image","twitter_misc":{"Timp estimat pentru citire":"1 minut"},"schema":{"@context":"https:\/\/schema.org","@graph":[{"@type":"WebPage","@id":"https:\/\/deceramicastudio.com\/shop\/espresso-cup-3\/","url":"https:\/\/deceramicastudio.com\/shop\/espresso-cup-3\/","name":"Espresso Cup - DE CERAMIC\u0102","isPartOf":{"@id":"https:\/\/deceramicastudio.com\/#website"},"primaryImageOfPage":{"@id":"https:\/\/deceramicastudio.com\/shop\/espresso-cup-3\/#primaryimage"},"image":{"@id":"https:\/\/deceramicastudio.com\/shop\/espresso-cup-3\/#primaryimage"},"thumbnailUrl":"https:\/\/deceramicastudio.com\/wp-content\/uploads\/2023\/11\/espresso-cup-4.jpg","datePublished":"2023-11-26T19:39:52+00:00","dateModified":"2026-03-01T12:03:00+00:00","description":"Perfect little cup for big coffee lovers","breadcrumb":{"@id":"https:\/\/deceramicastudio.com\/shop\/espresso-cup-3\/#breadcrumb"},"inLanguage":"ro-RO","potentialAction":[{"@type":"ReadAction","target":["https:\/\/deceramicastudio.com\/shop\/espresso-cup-3\/"]}]},{"@type":"ImageObject","inLanguage":"ro-RO","@id":"https:\/\/deceramicastudio.com\/shop\/espresso-cup-3\/#primaryimage","url":"https:\/\/deceramicastudio.com\/wp-content\/uploads\/2023\/11\/espresso-cup-4.jpg","contentUrl":"https:\/\/deceramicastudio.com\/wp-content\/uploads\/2023\/11\/espresso-cup-4.jpg","width":900,"height":817},{"@type":"BreadcrumbList","@id":"https:\/\/deceramicastudio.com\/shop\/espresso-cup-3\/#breadcrumb","itemListElement":[{"@type":"ListItem","position":1,"name":"Home","item":"https:\/\/deceramicastudio.com\/"},{"@type":"ListItem","position":2,"name":"SHOP","item":"https:\/\/deceramicastudio.com\/shop\/"},{"@type":"ListItem","position":3,"name":"Espresso Cup"}]},{"@type":"WebSite","@id":"https:\/\/deceramicastudio.com\/#website","url":"https:\/\/deceramicastudio.com\/","name":"DE CERAMIC\u0102","description":"handcrafted ceramics","publisher":{"@id":"https:\/\/deceramicastudio.com\/#organization"},"potentialAction":[{"@type":"SearchAction","target":{"@type":"EntryPoint","urlTemplate":"https:\/\/deceramicastudio.com\/?s={search_term_string}"},"query-input":{"@type":"PropertyValueSpecification","valueRequired":true,"valueName":"search_term_string"}}],"inLanguage":"ro-RO"},{"@type":"Organization","@id":"https:\/\/deceramicastudio.com\/#organization","name":"De Ceramic\u0103","url":"https:\/\/deceramicastudio.com\/","logo":{"@type":"ImageObject","inLanguage":"ro-RO","@id":"https:\/\/deceramicastudio.com\/#\/schema\/logo\/image\/","url":"https:\/\/deceramicastudio.com\/wp-content\/uploads\/2020\/12\/Logo-gri-mic-DeCeramica.png","contentUrl":"https:\/\/deceramicastudio.com\/wp-content\/uploads\/2020\/12\/Logo-gri-mic-DeCeramica.png","width":251,"height":49,"caption":"De Ceramic\u0103"},"image":{"@id":"https:\/\/deceramicastudio.com\/#\/schema\/logo\/image\/"},"sameAs":["https:\/\/www.facebook.com\/DeCeramicaMadalinaTeler","https:\/\/www.instagram.com\/de.ceramica\/"]}]}},"jetpack_sharing_enabled":true,"_links":{"self":[{"href":"https:\/\/deceramicastudio.com\/ro\/wp-json\/wp\/v2\/product\/9374","targetHints":{"allow":["GET"]}}],"collection":[{"href":"https:\/\/deceramicastudio.com\/ro\/wp-json\/wp\/v2\/product"}],"about":[{"href":"https:\/\/deceramicastudio.com\/ro\/wp-json\/wp\/v2\/types\/product"}],"wp:featuredmedia":[{"embeddable":true,"href":"https:\/\/deceramicastudio.com\/ro\/wp-json\/wp\/v2\/media\/9354"}],"wp:attachment":[{"href":"https:\/\/deceramicastudio.com\/ro\/wp-json\/wp\/v2\/media?parent=9374"}],"wp:term":[{"taxonomy":"product_brand","embeddable":true,"href":"https:\/\/deceramicastudio.com\/ro\/wp-json\/wp\/v2\/product_brand?post=9374"},{"taxonomy":"product_cat","embeddable":true,"href":"https:\/\/deceramicastudio.com\/ro\/wp-json\/wp\/v2\/product_cat?post=9374"},{"taxonomy":"product_tag","embeddable":true,"href":"https:\/\/deceramicastudio.com\/ro\/wp-json\/wp\/v2\/product_tag?post=9374"}],"curies":[{"name":"wp","href":"https:\/\/api.w.org\/{rel}","templated":true}]}}